{"id":7217,"date":"2019-01-06T15:16:41","date_gmt":"2019-01-06T13:16:41","guid":{"rendered":"https:\/\/mtbreitti.fi\/routes\/teijo-national-park-finland-mountain-biking\/"},"modified":"2020-12-30T17:45:56","modified_gmt":"2020-12-30T15:45:56","slug":"teijo-national-park-finland-mountain-biking","status":"publish","type":"page","link":"https:\/\/mtbreitti.fi\/en\/routes\/teijo-national-park-finland-mountain-biking\/","title":{"rendered":"Teijo National Park, Finland, mountain biking"},"content":{"rendered":"<div class=\"wpb-content-wrapper\">[vc_row][vc_column]<div class=\"shortcode-wrapper shortcode-title clearfix\"><h1 class=\"\">Teijo National Park, Finland &#8211; mountain biking route<\/h1><\/div>[\/vc_column][\/vc_row][vc_row][vc_column][vc_video link=&#8221;https:\/\/youtu.be\/rq7ftJs6KNM&#8221;][\/vc_column][\/vc_row][vc_row top_margin=&#8221;0&#8243; bottom_margin=&#8221;0&#8243; css=&#8221;.vc_custom_1453202042868{margin-top: -20px !important;}&#8221;][vc_column width=&#8221;1\/4&#8243;]<div class=\"shortcode-wrapper shortcode-milestone-counter\"><p class=\"aligncenter\"><i class=\"hb-moon-arrow-7 hb-icon hb-icon-float-none\"><\/i><\/p><div class=\"hb-counter\"><div class=\"count-number\" data-from=\"0\" data-to=\"36\" data-speed=\"700\"><\/div><div class=\"count-separator\"><span><\/span><\/div><h3 class=\"count-subject\">Length, km<\/h3><\/div><\/div>[\/vc_column][vc_column width=&#8221;1\/4&#8243;]<div class=\"shortcode-wrapper shortcode-milestone-counter\"><p class=\"aligncenter\"><i class=\"hb-moon-arrow-8 hb-icon hb-icon-float-none\"><\/i><\/p><div class=\"hb-counter\"><div class=\"count-number\" data-from=\"0\" data-to=\"49\" data-speed=\"700\"><\/div><div class=\"count-separator\"><span><\/span><\/div><h3 class=\"count-subject\">Altitude difference, m<\/h3><\/div><\/div>[\/vc_column][vc_column width=&#8221;1\/4&#8243;]<div class=\"shortcode-wrapper shortcode-milestone-counter\"><p class=\"aligncenter\"><i class=\"hb-moon-resize-2 hb-icon hb-icon-float-none\"><\/i><\/p><div class=\"hb-counter\"><div class=\"count-number\" data-from=\"0\" data-to=\"505\" data-speed=\"700\"><\/div><div class=\"count-separator\"><span><\/span><\/div><h3 class=\"count-subject\">Total Ascent, m<\/h3><\/div><\/div>[\/vc_column][vc_column width=&#8221;1\/4&#8243;]<div class=\"shortcode-wrapper shortcode-milestone-counter\"><p class=\"aligncenter\"><i class=\"hb-moon-arrow-down-right-6 hb-icon hb-icon-float-none\"><\/i><\/p><div class=\"hb-counter\"><div class=\"count-number\" data-from=\"0\" data-to=\"1000\" data-speed=\"700\"><\/div><div class=\"count-separator\"><span><\/span><\/div><h3 class=\"count-subject\">Longest decent, m<\/h3><\/div><\/div>[\/vc_column][\/vc_row][vc_row][vc_column][vc_empty_space][vc_separator style=&#8221;dashed&#8221; border_width=&#8221;2&#8243;][vc_empty_space][vc_column_text][adning id=&#8221;34893&#8243;][\/vc_column_text][vc_empty_space][\/vc_column][\/vc_row][vc_row][vc_column][vc_progress_bar values=&#8221;%5B%7B%22label%22%3A%22Yleinen%20vaativuustaso%22%2C%22value%22%3A%2270%22%2C%22color%22%3A%22custom%22%2C%22customcolor%22%3A%22%23dd4814%22%2C%22customtxtcolor%22%3A%22%23ffffff%22%7D%2C%7B%22label%22%3A%22Reitin%20teknisyys%20(keskiarvo)%22%2C%22value%22%3A%2270%22%2C%22color%22%3A%22custom%22%2C%22customcolor%22%3A%22%23dd4814%22%2C%22customtxtcolor%22%3A%22%23ffffff%22%7D%2C%7B%22label%22%3A%22Saavutettavuus%20(Teijo)%22%2C%22value%22%3A%22100%22%2C%22color%22%3A%22custom%22%2C%22customcolor%22%3A%22%23dd4814%22%2C%22customtxtcolor%22%3A%22%23ffffff%22%7D%2C%7B%22label%22%3A%22Palvelut%2F%20tuvat%2F%20laavut%20reitin%20varrella%22%2C%22value%22%3A%2270%22%2C%22color%22%3A%22custom%22%2C%22customcolor%22%3A%22%23dd4814%22%2C%22customtxtcolor%22%3A%22%23ffffff%22%7D%2C%7B%22label%22%3A%22Polkuosuus%20reitist%C3%A4%22%2C%22value%22%3A%2270%22%2C%22color%22%3A%22custom%22%2C%22customcolor%22%3A%22%23dd4814%22%2C%22customtxtcolor%22%3A%22%23ffffff%22%7D%2C%7B%22label%22%3A%22Fun%20factor%22%2C%22value%22%3A%2290%22%2C%22color%22%3A%22custom%22%2C%22customcolor%22%3A%22%23dd4814%22%2C%22customtxtcolor%22%3A%22%23ffffff%22%7D%5D&#8221; title=&#8221;Route assessment&#8221; units=&#8221;%&#8221;][vc_empty_space][vc_column_text]\t\t<div id=\"maps-marker-pro-be1ee1b6\" class=\"maps-marker-pro\" style=\"width: 100%;\">\r\n\t\t\t<div id=\"mmp-map-wrap-be1ee1b6\" class=\"mmp-map-wrap\">\r\n\t\t\t\t\t\t\t\t<div id=\"mmp-map-be1ee1b6\" class=\"mmp-map\" style=\"height: 600px;\"><\/div>\r\n\t\t\t\t\t\t\t\t\t<div id=\"mmp-chart-wrap-be1ee1b6\" class=\"mmp-gpx-chart-wrap\" style=\"height: 200px;\"><\/div>\r\n\t\t\t\t\t\t\t<\/div>\r\n\t\t\t\t\t<\/div>\r\n\t\t[\/vc_column_text][\/vc_column][\/vc_row][vc_row top_margin=&#8221;0&#8243; bottom_margin=&#8221;0&#8243; css=&#8221;.vc_custom_1453200440989{margin-top: -10px !important;}&#8221;][vc_column]<div class=\"shortcode-wrapper shortcode-icon-column clearfix\"><div class=\"feature-box standard-icon-box alignleft\"><div class=\"feature-box-content\"><h4 class=\"bold\"><i class=\"icon-info title-icon\"><\/i>Route description<\/h4><strong>Teijo National Park<\/strong> was founded in 2015. In addition to the stunning nature of the national park, here you can discover the traditions of historical ironworks villages (Teijo, Kirjakkala and Mathildedal). There is a total of 50 km of marked routes at the 34 square kilometer area of Teijo National Park. Most of them are loop routes, so planning a trip is easy.<\/p>\n<p><strong>Mountain biking is allowed on all marked routes<\/strong> and the National Park offers a great setting for it. I was positively surprised by the route versatility, great scenery and well maintained settings of Teijo National Park!<\/p>\n<p>You should start your trip from the <strong>Teijo Nature Centre<\/strong> (Matildanj\u00e4rventie 84, Salo). The opening hours of Nature Center can be found <span style=\"color: #dd4814;\"><a style=\"color: #dd4814;\" href=\"http:\/\/www.luontoon.fi\/teijonluontokeskus\">here<\/a><\/span>. In the proximity of the Nature Center you will find parking and camping areas. The Nature Centre also offers a map of the national park (<span style=\"color: #dd4814;\"><a style=\"color: #dd4814;\" href=\"https:\/\/julkaisut.metsa.fi\/assets\/pdf\/lp\/Esitteet\/teijofineng.pdf\">can be found behind this link<\/a><\/span>) as well as good guidance on the area. The Nature Centre is also the only place for getting drinking water along route. If your intention is a long day ride, you should definitely consider your water supply strategy.<\/p>\n<p>Below is a detailed route description. The names of places can be found on the Teijo National Park&#8217;s map.<\/p>\n<h2><span style=\"color: #dd4814;\">Jeturkastin Kierros<\/span><\/h2>\n<p>The ride begins on an easy and well-marked route. Very soon you will encounter a big rock (technical riding up and down) and then really narrow duck-boards. These add a lot to a challenge level of Jeturkasti loop. However, both of these obstacles are relatively short, so beginners can walk their bikes over them. In addition to the big rock and duck-boards, there are hardly any other difficult places on this loop, so riding will require only little technical effort.<\/p>\n<h2><span style=\"color: #dd4814;\">Matildanj\u00e4rventie \u2013 Vicksb\u00e4kinlahti<\/span><\/h2>\n<p>The section starts at the bank of Matildanj\u00e4rvi Lake and first follows the narrow trail. Then the route continues on the streets and roads of Mathildedal village for one kilometer. Next, the route turns back to Matildanj\u00e4rvi Lake and starts to follow it. The route is a singletrack of a medium difficulty, but some places will require to do some bike pushing. The section may not be easy for beginners because of the roots and rocks. However, most experienced mountain bikers will surely enjoy this challenge. The scenery of the route is stunning, and this is why the Tour of Matildanj\u00e4rvi Lake is the most popular walking route in Teijo National Park.<\/p>\n<h2><span style=\"color: #dd4814;\">Vicksb\u00e4kinlahti \u2013 Teijontie<\/span><\/h2>\n<p>After a short duck-board section, the route follows a forest road until Teijontie Road. Riding on this section is technically easy and kilometers will accumulate quickly. This is a suitable section for recovering before the next singletrack.<\/p>\n<h2><span style=\"color: #dd4814;\">Teijontie \u2013 Endal<\/span><\/h2>\n<p>After Teijontie Road the forest road turns into a singletrack and later disappears completely. However, by following my GPS-track, you will easily get over this difficult section, and the singletrack will soon appear again, This section of the route is used much less in comparison to Matildanj\u00e4rvi loop, thus, the trail has a big overgrowth. However, this section brings a good terrain variety to a mountain biking adventure! After about three kilometers, the less traveled trail turns into a forest road and later into a good singletrack all the way until Endal&#8217;s shelter.<\/p>\n<h2><span style=\"color: #dd4814;\">Endal \u2013 Kalasuntti<\/span><\/h2>\n<p>After Endal, mountain bikers can enjoy a great singletrack for another kilometer. From here the path turns into a forest road almost all the way to Kalasuntti. On this section you will be able to ride plenty of easy kilometers quite fast. At the end of the section you will reach a cable ferry, which will take you to the island of Kalasuntti. Here you will find a nice resting area on the shore of the Lake Sahaj\u00e4rvi and a good setting for some swimming.<\/p>\n<h2><span style=\"color: #dd4814;\">Kalasuntti \u2013 Nenusta<\/span><\/h2>\n<p>After some rest, another cable ferry will take you to the other side of the Kalasuntti island. In front of you is a nice singletrack all the way until Nenusta. The path is moderate in technicality, but some of the sections will require some bike pushing. There are plenty of rocks, roots, ascents and descents on this trail. More experienced mountain bikers will surely enjoy this terrain. The route runs through the Laviakallio (big rock), which will offer great views of the area. In the final leg of the section there are also some duck-boards and a resting place near Nenusta.<\/p>\n<h2><span style=\"color: #dd4814;\">Nenusta \u2013 Punasuo<\/span><\/h2>\n<p>After a break in Nenusta, there is a steep climb on top of Nenustannokka. This is the highest point of the route (on top of the rock), which should not be skipped. In addition to the stunning scenery (overlooking the Hamarinj\u00e4rvi Lake), Nenustannokka offers a fast and long singletrack descent. This is probably the most fun section of the whole route (about 500 meters). After the descent, the fast singletrack turns into a narrow forest road. The forest road mainly runs in the pine forest landscape and will change into a singletrack at some point again. This singletrack has some roots and duck-boards, but there are no really technical places here. Next, the trail takes you to the Punasuo (Red Swamp) area, where your ride will continue over well maintained duck-boards. These duck-boards are wide enough for riding without much of a challenge. During the ride you will definitely enjoy the magnificent scenery of the Red Swamp (Punasuo)! This section ends at a resting area of a Red Swamp (Punasuo), where you will find a table and some benches.<\/p>\n<h2><span style=\"color: #dd4814;\">Punasuo &#8211; Teerisaari<\/span><\/h2>\n<p>The section begins at the final leg of Red Swamp (Punasuo). Here you will ride some worn duck-boards towards the opposite side of the swamp. After this the route will continue in pine forest following the side of the swamp. At some point you will end up at the parking lot of Red Swamp (Punasuo). From here you will ride a gravel road for around two kilometers. After the gravel road, the route continues first along the forest road and later on the trail towards Lake Puolakkaj\u00e4rvi. This is the most technical singletrack on the whole route (near Puolakkaj\u00e4rvi Lake). On the way there are lots of technical rocks and roots, as well as narrow duck-boards. For beginner mountain bikers it is recommended to skip this section along the parallel forest road (please see an explanation in the video, this forest road is not marked to the map). However, for the experienced mountain bikers I would recommend a visit to a resting area at Teerisaari. The singletrack towards it offers a stunning scenery and a fun terrain for riding.<\/p>\n<h2><span style=\"color: #dd4814;\">Teerisaari &#8211; Teijo Nature Center<\/span><\/h2>\n<p>After a break at Teerisaari, the route runs through narrow duck-boards again. Here, the latest, you have to learn how to balance your bike properly. Duck-boards are, however, one of the Teijo National Park&#8217;s distinctive features, so riding them can be very fun adventure and development of own skills. Duck-boards run from Puolakkaj\u00e4rvi Lake towards Matildanj\u00e4rvi Lake in a really beautiful landscape. In the southern part of Matildanj\u00e4rvi Lake the duck-boards turn into singletrack, and the last kilometer is ridden along the cliffs in the pine forest.<\/p>\n<p><strong>In general, the route is very versatile and offers mountain bikers various challenges.<\/strong> The cliffs and big rocks along the route, well-maintained pine forests, lake landscapes and swamp sections covered with duck-boards will guarantee a great riding experience. Teijo National Park definitely gets a strong mountain biking recommendation, you can return here again and again and still discover something new!<\/div><\/div><\/div>[\/vc_column][\/vc_row][vc_row][vc_column][vc_empty_space][\/vc_column][\/vc_row][vc_row][vc_column]<a href=\"https:\/\/mtbreitti.fi\/tuote\/teijon-kansallispuisto-gps-jalki\/\" class=\"hb-button hb-default hb-default-button no-three-d\" target=\"_blank\" style=\"-webkit-border-radius: 10px;-moz-border-radius: 10px;border-radius: 10px;\"><i class=\"hb-moon-folder-upload\"><\/i>Download GPS-file here<\/a>[vc_empty_space][vc_separator style=&#8221;dashed&#8221; border_width=&#8221;2&#8243;][vc_empty_space]<div class=\"shortcode-wrapper shortcode-title clearfix\"><h2 class=\"\">Compare hotel rates and book an affordable accommodation below:<\/h2><\/div>[vc_empty_space][vc_column_text]<ins class=\"bookingaff\" data-aid=\"1739515\" data-target_aid=\"1739515\" data-prod=\"map\" data-width=\"100%\" data-height=\"590\" data-lang=\"ualng\" data-dest_id=\"0\" data-dest_type=\"landmark\" data-latitude=\"60.2101606\" data-longitude=\"22.9361041\" data-landmark_name=\"Matildanj\u00e4rventie 84\" data-mwhsb=\"0\" data-address=\"Matildanj\u00e4rventie 84, Salo, Finland\" data-zoom=\"10\">\r\n    <!-- Anything inside will go away once widget is loaded. -->\r\n        <a href=\"\/\/www.booking.com?aid=1739515\">Booking.com<\/a>\r\n<\/ins><script>\r\n\r\n    (function(d, sc, u) {\r\n      var s = d.createElement(sc), p = d.getElementsByTagName(sc)[0];\r\n      s.type = 'text\/javascript';\r\n      s.async = true;\r\n      s.src = u + '?v=' + (+new Date());\r\n      p.parentNode.insertBefore(s,p);\r\n      })(document, 'script', '\/\/aff.bstatic.com\/static\/affiliate_base\/js\/flexiproduct.js');\r\n<\/script>[\/vc_column_text][vc_empty_space]<div class='ct-weather  ct-weather--size-large ct-weather--box' style='color: #dd4814'><h3 class='ct-weather__title'>Teijon kansallispuisto<\/h3>\n\t\t\t\t\t\t\t<div class='ct-curent-weather'>\n\t\t\t\t\t\t\t\t<span class='ct-curent-weather__degrees'>4&deg;<\/span>\n\t\t\t\t\t\t\t\t<span class='ct-curent-weather__details'>\n\t\t\t\t\t\t\t\t\t<span>Humidity:<em>59%<\/em><\/span>\n\t\t\t\t\t\t\t\t\t<span>Clouds:<em>0%<\/em><\/span>\n\t\t\t\t\t\t\t\t\t<span>Wind <small>(NW)<\/small>:<em>42<small>kph<\/small><\/em><\/span>\n\t\t\t\t\t\t\t\t<\/span>\n\t\t\t\t\t\t\t\t<span class='ct-curent-weather__description'>taivas on selke\u00e4<\/span>\n\t\t\t\t\t\t\t<\/div>\n\t\t\t\t\t\t<span class=\"ct-weather__list-item\"><span class=\"ct-weather__day\">Sunday, 26 April<\/span><span class=\"ct-weather__weather\"><span data-sw-icon=\"B\"><\/span> 6&deg;C<\/span><\/span><span class=\"ct-weather__list-item\"><span class=\"ct-weather__day\">Monday, 27 April<\/span><span class=\"ct-weather__weather\"><span data-sw-icon=\"B\"><\/span> 6&deg;C<\/span><\/span><span class=\"ct-weather__list-item\"><span class=\"ct-weather__day\">Tuesday, 28 April<\/span><span class=\"ct-weather__weather\"><span data-sw-icon=\"B\"><\/span> 4&deg;C<\/span><\/span><span class=\"ct-weather__list-item\"><span class=\"ct-weather__day\">Wednesday, 29 April<\/span><span class=\"ct-weather__weather\"><span data-sw-icon=\"Y\"><\/span> 4&deg;C<\/span><\/span><span class=\"ct-weather__list-item\"><span class=\"ct-weather__day\">Thursday, 30 April<\/span><span class=\"ct-weather__weather\"><span data-sw-icon=\"Q\"><\/span> 5&deg;C<\/span><\/span><span class=\"ct-weather__list-item\"><span class=\"ct-weather__day\">Friday, 1 May<\/span><span class=\"ct-weather__weather\"><span data-sw-icon=\"H\"><\/span> 7&deg;C<\/span><\/span><span class=\"ct-weather__list-item\"><span class=\"ct-weather__day\">Saturday, 2 May<\/span><span class=\"ct-weather__weather\"><span data-sw-icon=\"B\"><\/span> 7&deg;C<\/span><\/span><\/div>[vc_empty_space][vc_separator style=&#8221;dashed&#8221; border_width=&#8221;2&#8243;][vc_empty_space]<div class=\"shortcode-wrapper shortcode-title clearfix\"><h2 class=\"\">What do you think about the route? Do you have any tips regarding the route?<\/h2><\/div>[\/vc_column][\/vc_row][vc_row][vc_column][vc_column_text][fbcomments][\/vc_column_text][vc_separator style=&#8221;dashed&#8221; border_width=&#8221;2&#8243;][\/vc_column][\/vc_row][vc_row][vc_column]<div class=\"shortcode-wrapper shortcode-title clearfix\"><h2 class=\"\">You might also be interested in below mountain biking routes:<\/h2><\/div>[\/vc_column][\/vc_row][vc_row][vc_column][vc_basic_grid post_type=&#8221;page&#8221; max_items=&#8221;10&#8243; style=&#8221;pagination&#8221; items_per_page=&#8221;3&#8243; arrows_design=&#8221;vc_arrow-icon-arrow_04_left&#8221; arrows_position=&#8221;outside&#8221; arrows_color=&#8221;black&#8221; paging_design=&#8221;round_fill_square_dots&#8221; paging_color=&#8221;black&#8221; item=&#8221;7278&#8243; grid_id=&#8221;vc_gid:1607431389457-e53fff3d4e6ab409f4a8d6a0beaa8988-9&#8243; taxonomies=&#8221;225&#8243;][\/vc_column][\/vc_row][vc_row][vc_column][vc_separator style=&#8221;dashed&#8221; border_width=&#8221;2&#8243; css=&#8221;.vc_custom_1552502528758{margin-top: 20px !important;}&#8221;][\/vc_column][\/vc_row]\n<\/div>","protected":false},"excerpt":{"rendered":"<p>[vc_row][vc_column][\/vc_column][\/vc_row][vc_row][vc_column][vc_video link=&#8221;https:\/\/youtu.be\/rq7ftJs6KNM&#8221;][\/vc_column][\/vc_row][vc_row top_margin=&#8221;0&#8243; bottom_margin=&#8221;0&#8243; css=&#8221;.vc_custom_1453202042868{margin-top: -20px !important;}&#8221;][vc_column width=&#8221;1\/4&#8243;][\/vc_column][vc_column width=&#8221;1\/4&#8243;][\/vc_column][vc_column width=&#8221;1\/4&#8243;][\/vc_column][vc_column [&hellip;]<\/p>\n","protected":false},"author":6,"featured_media":7187,"parent":6742,"menu_order":0,"comment_status":"closed","ping_status":"closed","template":"","meta":{"footnotes":""},"categories":[225,231],"tags":[],"class_list":["post-7217","page","type-page","status-publish","has-post-thumbnail","hentry","category-lansi-suomi","category-western-finland"],"aioseo_notices":[],"_links":{"self":[{"href":"https:\/\/mtbreitti.fi\/en\/wp-json\/wp\/v2\/pages\/7217","targetHints":{"allow":["GET"]}}],"collection":[{"href":"https:\/\/mtbreitti.fi\/en\/wp-json\/wp\/v2\/pages"}],"about":[{"href":"https:\/\/mtbreitti.fi\/en\/wp-json\/wp\/v2\/types\/page"}],"author":[{"embeddable":true,"href":"https:\/\/mtbreitti.fi\/en\/wp-json\/wp\/v2\/users\/6"}],"replies":[{"embeddable":true,"href":"https:\/\/mtbreitti.fi\/en\/wp-json\/wp\/v2\/comments?post=7217"}],"version-history":[{"count":5,"href":"https:\/\/mtbreitti.fi\/en\/wp-json\/wp\/v2\/pages\/7217\/revisions"}],"predecessor-version":[{"id":35062,"href":"https:\/\/mtbreitti.fi\/en\/wp-json\/wp\/v2\/pages\/7217\/revisions\/35062"}],"up":[{"embeddable":true,"href":"https:\/\/mtbreitti.fi\/en\/wp-json\/wp\/v2\/pages\/6742"}],"wp:featuredmedia":[{"embeddable":true,"href":"https:\/\/mtbreitti.fi\/en\/wp-json\/wp\/v2\/media\/7187"}],"wp:attachment":[{"href":"https:\/\/mtbreitti.fi\/en\/wp-json\/wp\/v2\/media?parent=7217"}],"wp:term":[{"taxonomy":"category","embeddable":true,"href":"https:\/\/mtbreitti.fi\/en\/wp-json\/wp\/v2\/categories?post=7217"},{"taxonomy":"post_tag","embeddable":true,"href":"https:\/\/mtbreitti.fi\/en\/wp-json\/wp\/v2\/tags?post=7217"}],"curies":[{"name":"wp","href":"https:\/\/api.w.org\/{rel}","templated":true}]}}