{"id":7213,"date":"2019-01-05T19:54:31","date_gmt":"2019-01-05T17:54:31","guid":{"rendered":"https:\/\/mtbreitti.fi\/routes\/syote-finland-mountain-biking-route\/"},"modified":"2020-12-09T11:30:24","modified_gmt":"2020-12-09T09:30:24","slug":"syote-finland-mountain-biking-route","status":"publish","type":"page","link":"https:\/\/mtbreitti.fi\/en\/routes\/syote-finland-mountain-biking-route\/","title":{"rendered":"Sy\u00f6te, Finland, mountain biking route"},"content":{"rendered":"<div class=\"wpb-content-wrapper\">[vc_row][vc_column]<div class=\"shortcode-wrapper shortcode-title clearfix\"><h1 class=\"\">Sy\u00f6te, Finland &#8211; mountain biking route<\/h1><\/div>[\/vc_column][\/vc_row][vc_row][vc_column][vc_video link=&#8221;https:\/\/youtu.be\/7n8RwyO2Li8&#8243;][\/vc_column][\/vc_row][vc_row top_margin=&#8221;0&#8243; bottom_margin=&#8221;0&#8243; css=&#8221;.vc_custom_1453202042868{margin-top: -20px !important;}&#8221;][vc_column width=&#8221;1\/4&#8243;]<div class=\"shortcode-wrapper shortcode-milestone-counter\"><p class=\"aligncenter\"><i class=\"hb-moon-arrow-7 hb-icon hb-icon-float-none\"><\/i><\/p><div class=\"hb-counter\"><div class=\"count-number\" data-from=\"0\" data-to=\"59\" data-speed=\"700\"><\/div><div class=\"count-separator\"><span><\/span><\/div><h3 class=\"count-subject\">Length, km<\/h3><\/div><\/div>[\/vc_column][vc_column width=&#8221;1\/4&#8243;]<div class=\"shortcode-wrapper shortcode-milestone-counter\"><p class=\"aligncenter\"><i class=\"hb-moon-arrow-8 hb-icon hb-icon-float-none\"><\/i><\/p><div class=\"hb-counter\"><div class=\"count-number\" data-from=\"0\" data-to=\"187\" data-speed=\"700\"><\/div><div class=\"count-separator\"><span><\/span><\/div><h3 class=\"count-subject\">Altitude difference, m<\/h3><\/div><\/div>[\/vc_column][vc_column width=&#8221;1\/4&#8243;]<div class=\"shortcode-wrapper shortcode-milestone-counter\"><p class=\"aligncenter\"><i class=\"hb-moon-resize-2 hb-icon hb-icon-float-none\"><\/i><\/p><div class=\"hb-counter\"><div class=\"count-number\" data-from=\"0\" data-to=\"1021\" data-speed=\"700\"><\/div><div class=\"count-separator\"><span><\/span><\/div><h3 class=\"count-subject\">Total Ascent, m<\/h3><\/div><\/div>[\/vc_column][vc_column width=&#8221;1\/4&#8243;]<div class=\"shortcode-wrapper shortcode-milestone-counter\"><p class=\"aligncenter\"><i class=\"hb-moon-arrow-down-right-6 hb-icon hb-icon-float-none\"><\/i><\/p><div class=\"hb-counter\"><div class=\"count-number\" data-from=\"0\" data-to=\"1700\" data-speed=\"700\"><\/div><div class=\"count-separator\"><span><\/span><\/div><h3 class=\"count-subject\">Longest decent, m<\/h3><\/div><\/div>[\/vc_column][\/vc_row][vc_row][vc_column][vc_empty_space][vc_separator style=&#8221;dashed&#8221; border_width=&#8221;2&#8243;][vc_empty_space][vc_empty_space][vc_column_text][adning id=&#8221;34893&#8243;][\/vc_column_text][\/vc_column][\/vc_row][vc_row][vc_column][vc_progress_bar values=&#8221;%5B%7B%22label%22%3A%22Yleinen%20vaativuustaso%22%2C%22value%22%3A%2285%22%2C%22color%22%3A%22custom%22%2C%22customcolor%22%3A%22%23dd4814%22%2C%22customtxtcolor%22%3A%22%23ffffff%22%7D%2C%7B%22label%22%3A%22Reitin%20teknisyys%22%2C%22value%22%3A%2270%22%2C%22color%22%3A%22custom%22%2C%22customcolor%22%3A%22%23dd4814%22%2C%22customtxtcolor%22%3A%22%23ffffff%22%7D%2C%7B%22label%22%3A%22Saavutettavuus%20(Sy%C3%B6te)%22%2C%22value%22%3A%22100%22%2C%22color%22%3A%22custom%22%2C%22customcolor%22%3A%22%23dd4814%22%2C%22customtxtcolor%22%3A%22%23ffffff%22%7D%2C%7B%22label%22%3A%22Palvelut%2F%20tuvat%2F%20laavut%20reitin%20varrella%22%2C%22value%22%3A%2280%22%2C%22color%22%3A%22custom%22%2C%22customcolor%22%3A%22%23dd4814%22%2C%22customtxtcolor%22%3A%22%23ffffff%22%7D%2C%7B%22label%22%3A%22Polkuosuus%20reitist%C3%A4%22%2C%22value%22%3A%2285%22%2C%22color%22%3A%22custom%22%2C%22customcolor%22%3A%22%23dd4814%22%2C%22customtxtcolor%22%3A%22%23ffffff%22%7D%2C%7B%22label%22%3A%22Fun%20factor%22%2C%22value%22%3A%22100%22%2C%22color%22%3A%22custom%22%2C%22customcolor%22%3A%22%23dd4814%22%2C%22customtxtcolor%22%3A%22%23ffffff%22%7D%5D&#8221; title=&#8221;Route assessment&#8221; units=&#8221;%&#8221;][vc_empty_space][vc_column_text]\t\t<div id=\"maps-marker-pro-68e93286\" class=\"maps-marker-pro\" style=\"width: 100%;\">\r\n\t\t\t<div id=\"mmp-map-wrap-68e93286\" class=\"mmp-map-wrap\">\r\n\t\t\t\t\t\t\t\t<div id=\"mmp-map-68e93286\" class=\"mmp-map\" style=\"height: 600px;\"><\/div>\r\n\t\t\t\t\t\t\t\t\t<div id=\"mmp-chart-wrap-68e93286\" class=\"mmp-gpx-chart-wrap\" style=\"height: 200px;\"><\/div>\r\n\t\t\t\t\t\t\t<\/div>\r\n\t\t\t\t\t<\/div>\r\n\t\t[\/vc_column_text][\/vc_column][\/vc_row][vc_row top_margin=&#8221;0&#8243; bottom_margin=&#8221;0&#8243; css=&#8221;.vc_custom_1453200440989{margin-top: -10px !important;}&#8221;][vc_column]<div class=\"shortcode-wrapper shortcode-icon-column clearfix\"><div class=\"feature-box standard-icon-box alignleft\"><div class=\"feature-box-content\"><h4 class=\"bold\"><i class=\"icon-info title-icon\"><\/i>Route description<\/h4>There are only a few places in Finland that are on the wish list of every slightly more experienced mountain biker. In order to get to this wish list, the place should offer challenging and versatile trails, stunning scenery, well maintained routes and comfortable resting areas. One of such places is definitely <strong>Sy\u00f6te<\/strong>. The region has actively invested in the development of mountain biking in the recent years. As an example of this are constantly improving mountain biking trails and an MTB-competition, which sells out in just a few hours.<\/p>\n<p>Sy\u00f6te is located on Lapland&#8217;s border, one hundred kilometers from Kuusamo. From southern Finland, the distance is much longer &#8211; about a day of car ride (750 km). You should visit <strong>Sy\u00f6te Nature Centre <\/strong>upon arrival. Here you can buy maps of the area (hiking and mountain biking) and get some useful tips for your mountain biking adventure. All the mountain biking trails in the area start from the Sy\u00f6te Nature Centre. The address is <strong>Er\u00e4tie 1, 93280, Sy\u00f6te<\/strong> (Pudasj\u00e4rvi).<\/p>\n<p>In the summer of 2017 Sy\u00f6te had<strong> 3 official marked routes<\/strong>. These are: Syotteen kierros (19 km), Toraslammen Taival (54 km) and Pit\u00e4m\u00e4vaaran lenkki (40 km).<\/p>\n<p><strong>Sy\u00f6tteen kierros<\/strong> is technically easiest one and especially suitable for beginners. <strong>Pit\u00e4m\u00e4vaaran lenkki<\/strong> is of medium difficulty and contains a lot of altitude differences, some technical sections and duck-boards. Also, Sy\u00f6te MTB competition mainly follows this route. <strong>Toraslammen taival<\/strong> is technically the most challenging one. It is also a one-way route (26 km per direction).<\/p>\n<p>The route in the video (GPS-track) mainly follows Pit\u00e4m\u00e4vaaran lenkki loop and some sections from Sy\u00f6te MTB competition. <strong>The total distance of the route is 59 km<\/strong>, of which about <strong>85% is a versatile singletrack<\/strong>. Also, there are more than enough climbs and descents here. Everything is crowned by the magnificent ridge and forest landscapes, and the exemplary route markings!<\/p>\n<h3><span style=\"color: #dd4814\"><strong>Nature Centre &#8211; Small Sy\u00f6te (0-7 km)<\/strong><\/span><\/h3>\n<p>The route starts from the Nature Centre, where you can find a car parking. The first kilometers of the route mainly follow along the skiing paths. A small challenge at the start of the route is a few short duck-board sections. At six kilometers, the route turns right towards the top of Small Sy\u00f6te. This is not an official section of Pit\u00e4m\u00e4vaaran lenkki, but a part of Sy\u00f6te MTB competition. If you are looking for a little more climbing meters and, apart of great scenery, you would like to enjoy a fast, technical singletrack descent &#8211; I can warmly recommend you this section.<\/p>\n<h3><span style=\"color: #dd4814\"><strong>Small-Sy\u00f6te \u2013 Mylly (7-11 km)<\/strong><\/span><\/h3>\n<p>This section starts with a fast technical descent along the singletrack called Peikkopolku. After this, the route is reconnected with the official Pit\u00e4m\u00e4vaaran lenkki loop and descents even further following the skiing path. This is the longest descent on the route (over 1km). After the descent, the route continues along the skiing path towards Mylly (translated as Mill).<\/p>\n<h3><span style=\"color: #dd4814\"><strong>Mylly \u2013 Portinoja (11-21 km)<\/strong><\/span><\/h3>\n<p>Mylly has the first shelter on the route. During your break, you can explore an old Water Mill building and fill up drinking water from the nearby stream. A short distance from Mylly the first singletrack of the route begins (at around 13 km mark). From now on, the route follows only singletrack, with only a few transition sections. Singletrack is medium difficulty and well ridable. In some places there are some rooty sections, which can be challenging in rainy weather. Singletrack includes lots of short climbs, descents and twisty turns. Some of the route goes within Sy\u00f6te National Park area, where biking is forbidden outside of marked mountain biking trails. Please take this into consideration if you wish to explore some other trail sections in the area as well. Outside of Sy\u00f6te National Park the route follows Sy\u00f6te MTB competition trails, which are slightly different from the marked Pit\u00e4m\u00e4vaaran lenkki. This will add some additional fun trails to your trip!<\/p>\n<h3><span style=\"color: #dd4814\"><strong>Portinoja \u2013 Kellarilampi (21 \u2013 37 km)<\/strong><\/span><\/h3>\n<p>The section starts from the Portinoja shelter, where you can stop for a break and fill up some fresh drinking water. From here on, the route continues with a fun singletrack, that runs in a very versatile terrain. Along this section you will find plenty of small climbs and descents, fast, flowy and twisty trails, few technical rooty and rocky sections, small forest hills and lake landscapes. At the end of the section, you will ride along the Pytkynharju ridge with a wonderful scenery.<\/p>\n<h3><span style=\"color: #dd4814\"><strong>Along this section you will find plenty of small climbs and descents, fast, flowy and twisty trails, few technical rooty and rocky sections, small forest hills and lake landscapes.<\/strong><\/span><\/h3>\n<p>The section starts from the Kellarilampi Lake, where you can find a very well equipped resting area and a shelter. This is a must-stop place on the route. From this point on, the route will follow Sy\u00f6te MTB competition route, except for the last long climb. This means that you will be able to enjoy the ridge scenery twice, as the route will rise on top of it again after a small loop. If at this stage you will only have little energy left &#8211; the route can be shortcut by following the official Sy\u00f6tteen Kierros loop towards the Nature Centre (clockwise). This way you will shorten the distance by more than ten kilometers.<\/p>\n<p>In addition to the magnificent scenery, the ridges offer plenty of challenge for both fitness and technical skills. This is the best leg of the route, so you should definitely take your time to enjoy it!<\/p>\n<p>After the ridges the route continues on a well-maintained path, where all wet and challenging sections are covered with gravel. Thus, even beginners will be able to fully enjoy these sections (Sy\u00f6tteen Kierros). A few short parts of the route are also completely new sections of Sy\u00f6te MTB competition (introduced in 2017). At 53 km mark, the route runs over a small stream, where you can refill your water reservoirs. The end of the route flows up a gentle uphill for a few kilometers.<\/p>\n<p>&nbsp;<\/p>\n<p>In general, Sy\u00f6te mountain biking route can definitely be considered as <strong><span style=\"color: #000000\">one of the best riding experiences in Finland<\/span><\/strong>. Due to versatility and riding experience, every mountain biking enthusiast will surely enjoy every kilometer of Sy\u00f6te!<\/div><\/div><\/div>[\/vc_column][\/vc_row][vc_row][vc_column][vc_empty_space][\/vc_column][\/vc_row][vc_row][vc_column]<a href=\"https:\/\/mtbreitti.fi\/tuote\/syote-gps-jalki\/\" class=\"hb-button hb-default hb-default-button no-three-d\" target=\"_blank\" style=\"-webkit-border-radius: 10px;-moz-border-radius: 10px;border-radius: 10px;\"><i class=\"hb-moon-folder-upload\"><\/i>Download GPS-file here<\/a>[vc_empty_space][vc_separator style=&#8221;dashed&#8221; border_width=&#8221;2&#8243;][vc_empty_space]<div class=\"shortcode-wrapper shortcode-title clearfix\"><h2 class=\"\">Compare hotel rates and book an affordable accommodation below:<\/h2><\/div>[vc_empty_space][vc_column_text]<ins class=\"bookingaff\" data-aid=\"1739536\" data-target_aid=\"1739536\" data-prod=\"map\" data-width=\"100%\" data-height=\"590\" data-lang=\"ualng\" data-dest_id=\"0\" data-dest_type=\"landmark\" data-latitude=\"65.634449\" data-longitude=\"27.6069966\" data-landmark_name=\"Luontokeskus, Er\u00e4tie 1\" data-mwhsb=\"0\" data-address=\"Er\u00e4tie 1, 93280 Pudasj\u00e4rvi, Finland\" data-zoom=\"10\">\r\n    <!-- Anything inside will go away once widget is loaded. -->\r\n        <a href=\"\/\/www.booking.com?aid=1739536\">Booking.com<\/a>\r\n<\/ins><script>\r\n\r\n    (function(d, sc, u) {\r\n      var s = d.createElement(sc), p = d.getElementsByTagName(sc)[0];\r\n      s.type = 'text\/javascript';\r\n      s.async = true;\r\n      s.src = u + '?v=' + (+new Date());\r\n      p.parentNode.insertBefore(s,p);\r\n      })(document, 'script', '\/\/aff.bstatic.com\/static\/affiliate_base\/js\/flexiproduct.js');\r\n<\/script>[\/vc_column_text][vc_empty_space]<div class='ct-weather  ct-weather--size-large ct-weather--box' style='color: #dd4814'><h3 class='ct-weather__title'>Sy\u00f6te<\/h3>\n\t\t\t\t\t\t\t<div class='ct-curent-weather'>\n\t\t\t\t\t\t\t\t<span class='ct-curent-weather__degrees'>10&deg;<\/span>\n\t\t\t\t\t\t\t\t<span class='ct-curent-weather__details'>\n\t\t\t\t\t\t\t\t\t<span>Humidity:<em>50%<\/em><\/span>\n\t\t\t\t\t\t\t\t\t<span>Clouds:<em>17%<\/em><\/span>\n\t\t\t\t\t\t\t\t\t<span>Wind <small>(N)<\/small>:<em>12<small>kph<\/small><\/em><\/span>\n\t\t\t\t\t\t\t\t<\/span>\n\t\t\t\t\t\t\t\t<span class='ct-curent-weather__description'>v\u00e4h\u00e4n pilvi\u00e4<\/span>\n\t\t\t\t\t\t\t<\/div>\n\t\t\t\t\t\t<span class=\"ct-weather__list-item\"><span class=\"ct-weather__day\">Friday, 17 April<\/span><span class=\"ct-weather__weather\"><span data-sw-icon=\"H\"><\/span> 10&deg;C<\/span><\/span><span class=\"ct-weather__list-item\"><span class=\"ct-weather__day\">Saturday, 18 April<\/span><span class=\"ct-weather__weather\"><span data-sw-icon=\"Y\"><\/span> 7&deg;C<\/span><\/span><span class=\"ct-weather__list-item\"><span class=\"ct-weather__day\">Sunday, 19 April<\/span><span class=\"ct-weather__weather\"><span data-sw-icon=\"H\"><\/span> 8&deg;C<\/span><\/span><span class=\"ct-weather__list-item\"><span class=\"ct-weather__day\">Monday, 20 April<\/span><span class=\"ct-weather__weather\"><span data-sw-icon=\"N\"><\/span> 9&deg;C<\/span><\/span><span class=\"ct-weather__list-item\"><span class=\"ct-weather__day\">Tuesday, 21 April<\/span><span class=\"ct-weather__weather\"><span data-sw-icon=\"Y\"><\/span> 7&deg;C<\/span><\/span><span class=\"ct-weather__list-item\"><span class=\"ct-weather__day\">Wednesday, 22 April<\/span><span class=\"ct-weather__weather\"><span data-sw-icon=\"Y\"><\/span> 11&deg;C<\/span><\/span><span class=\"ct-weather__list-item\"><span class=\"ct-weather__day\">Thursday, 23 April<\/span><span class=\"ct-weather__weather\"><span data-sw-icon=\"U\"><\/span> 4&deg;C<\/span><\/span><\/div>[vc_empty_space][vc_separator style=&#8221;dashed&#8221; border_width=&#8221;2&#8243;][vc_empty_space]<div class=\"shortcode-wrapper shortcode-title clearfix\"><h2 class=\"\">What do you think about the route? Do you have any tips regarding the route?<\/h2><\/div>[\/vc_column][\/vc_row][vc_row][vc_column][vc_column_text][fbcomments][\/vc_column_text][vc_separator style=&#8221;dashed&#8221; border_width=&#8221;2&#8243;][\/vc_column][\/vc_row][vc_row][vc_column]<div class=\"shortcode-wrapper shortcode-title clearfix\"><h2 class=\"\">You might also be interested in below mountain biking routes:<\/h2><\/div>[\/vc_column][\/vc_row][vc_row][vc_column][vc_basic_grid post_type=&#8221;page&#8221; max_items=&#8221;10&#8243; style=&#8221;pagination&#8221; items_per_page=&#8221;3&#8243; arrows_design=&#8221;vc_arrow-icon-arrow_04_left&#8221; arrows_position=&#8221;outside&#8221; arrows_color=&#8221;black&#8221; paging_design=&#8221;round_fill_square_dots&#8221; paging_color=&#8221;black&#8221; item=&#8221;7278&#8243; grid_id=&#8221;vc_gid:1607432246679-bfeaead15f67ce03a5ef166f5f824e45-7&#8243; taxonomies=&#8221;224&#8243;][\/vc_column][\/vc_row][vc_row][vc_column][vc_separator style=&#8221;dashed&#8221; border_width=&#8221;2&#8243; css=&#8221;.vc_custom_1552502247410{margin-top: 20px !important;}&#8221;][\/vc_column][\/vc_row]\n<\/div>","protected":false},"excerpt":{"rendered":"<p>[vc_row][vc_column][\/vc_column][\/vc_row][vc_row][vc_column][vc_video link=&#8221;https:\/\/youtu.be\/7n8RwyO2Li8&#8243;][\/vc_column][\/vc_row][vc_row top_margin=&#8221;0&#8243; bottom_margin=&#8221;0&#8243; css=&#8221;.vc_custom_1453202042868{margin-top: -20px !important;}&#8221;][vc_column width=&#8221;1\/4&#8243;][\/vc_column][vc_column width=&#8221;1\/4&#8243;][\/vc_column][vc_column width=&#8221;1\/4&#8243;][\/vc_column][vc_column [&hellip;]<\/p>\n","protected":false},"author":6,"featured_media":7160,"parent":6742,"menu_order":0,"comment_status":"closed","ping_status":"closed","template":"","meta":{"footnotes":""},"categories":[229,224],"tags":[],"class_list":["post-7213","page","type-page","status-publish","has-post-thumbnail","hentry","category-northern-finland","category-pohjois-suomi"],"aioseo_notices":[],"_links":{"self":[{"href":"https:\/\/mtbreitti.fi\/en\/wp-json\/wp\/v2\/pages\/7213","targetHints":{"allow":["GET"]}}],"collection":[{"href":"https:\/\/mtbreitti.fi\/en\/wp-json\/wp\/v2\/pages"}],"about":[{"href":"https:\/\/mtbreitti.fi\/en\/wp-json\/wp\/v2\/types\/page"}],"author":[{"embeddable":true,"href":"https:\/\/mtbreitti.fi\/en\/wp-json\/wp\/v2\/users\/6"}],"replies":[{"embeddable":true,"href":"https:\/\/mtbreitti.fi\/en\/wp-json\/wp\/v2\/comments?post=7213"}],"version-history":[{"count":5,"href":"https:\/\/mtbreitti.fi\/en\/wp-json\/wp\/v2\/pages\/7213\/revisions"}],"predecessor-version":[{"id":35037,"href":"https:\/\/mtbreitti.fi\/en\/wp-json\/wp\/v2\/pages\/7213\/revisions\/35037"}],"up":[{"embeddable":true,"href":"https:\/\/mtbreitti.fi\/en\/wp-json\/wp\/v2\/pages\/6742"}],"wp:featuredmedia":[{"embeddable":true,"href":"https:\/\/mtbreitti.fi\/en\/wp-json\/wp\/v2\/media\/7160"}],"wp:attachment":[{"href":"https:\/\/mtbreitti.fi\/en\/wp-json\/wp\/v2\/media?parent=7213"}],"wp:term":[{"taxonomy":"category","embeddable":true,"href":"https:\/\/mtbreitti.fi\/en\/wp-json\/wp\/v2\/categories?post=7213"},{"taxonomy":"post_tag","embeddable":true,"href":"https:\/\/mtbreitti.fi\/en\/wp-json\/wp\/v2\/tags?post=7213"}],"curies":[{"name":"wp","href":"https:\/\/api.w.org\/{rel}","templated":true}]}}