{"id":6818,"date":"2019-01-03T16:05:57","date_gmt":"2019-01-03T14:05:57","guid":{"rendered":"https:\/\/mtbreitti.fi\/routes\/korso-finland-mountain-biking-route\/"},"modified":"2021-06-10T14:00:31","modified_gmt":"2021-06-10T11:00:31","slug":"korso-finland-mountain-biking-route","status":"publish","type":"page","link":"https:\/\/mtbreitti.fi\/en\/routes\/korso-finland-mountain-biking-route\/","title":{"rendered":"Korso, Finland, mountain biking route"},"content":{"rendered":"<div class=\"wpb-content-wrapper\">[vc_row][vc_column]<div class=\"shortcode-wrapper shortcode-title clearfix\"><h1 class=\"\">Korso, Finland, mountain biking route<\/h1><\/div>[\/vc_column][\/vc_row][vc_row][vc_column][vc_video link=&#8221;https:\/\/youtu.be\/JIJEJD1CyPs&#8221;][\/vc_column][\/vc_row][vc_row top_margin=&#8221;0&#8243; bottom_margin=&#8221;0&#8243; css=&#8221;.vc_custom_1453202042868{margin-top: -20px !important;}&#8221;][vc_column width=&#8221;1\/4&#8243;]<div class=\"shortcode-wrapper shortcode-milestone-counter\"><p class=\"aligncenter\"><i class=\"hb-moon-arrow-7 hb-icon hb-icon-float-none\"><\/i><\/p><div class=\"hb-counter\"><div class=\"count-number\" data-from=\"0\" data-to=\"29.2\" data-speed=\"700\"><\/div><div class=\"count-separator\"><span><\/span><\/div><h3 class=\"count-subject\">Length, km<\/h3><\/div><\/div>[\/vc_column][vc_column width=&#8221;1\/4&#8243;]<div class=\"shortcode-wrapper shortcode-milestone-counter\"><p class=\"aligncenter\"><i class=\"hb-moon-arrow-8 hb-icon hb-icon-float-none\"><\/i><\/p><div class=\"hb-counter\"><div class=\"count-number\" data-from=\"0\" data-to=\"40.5\" data-speed=\"700\"><\/div><div class=\"count-separator\"><span><\/span><\/div><h3 class=\"count-subject\">Altitude difference, m<\/h3><\/div><\/div>[\/vc_column][vc_column width=&#8221;1\/4&#8243;]<div class=\"shortcode-wrapper shortcode-milestone-counter\"><p class=\"aligncenter\"><i class=\"hb-moon-resize-2 hb-icon hb-icon-float-none\"><\/i><\/p><div class=\"hb-counter\"><div class=\"count-number\" data-from=\"0\" data-to=\"402\" data-speed=\"700\"><\/div><div class=\"count-separator\"><span><\/span><\/div><h3 class=\"count-subject\">Total Ascent, m<\/h3><\/div><\/div>[\/vc_column][vc_column width=&#8221;1\/4&#8243;]<div class=\"shortcode-wrapper shortcode-milestone-counter\"><p class=\"aligncenter\"><i class=\"hb-moon-arrow-down-right-6 hb-icon hb-icon-float-none\"><\/i><\/p><div class=\"hb-counter\"><div class=\"count-number\" data-from=\"0\" data-to=\"440\" data-speed=\"700\"><\/div><div class=\"count-separator\"><span><\/span><\/div><h3 class=\"count-subject\">Longest decent, m<\/h3><\/div><\/div>[\/vc_column][\/vc_row][vc_row][vc_column][vc_column_text][adning id=&#8221;34893&#8243;][\/vc_column_text][vc_empty_space][\/vc_column][\/vc_row][vc_row][vc_column][vc_progress_bar values=&#8221;%5B%7B%22label%22%3A%22General%20difficulty%22%2C%22value%22%3A%2230%22%2C%22color%22%3A%22custom%22%2C%22customcolor%22%3A%22%23dd4814%22%2C%22customtxtcolor%22%3A%22%23ffffff%22%7D%2C%7B%22label%22%3A%22Technicality%22%2C%22value%22%3A%2230%22%2C%22color%22%3A%22custom%22%2C%22customcolor%22%3A%22%23dd4814%22%2C%22customtxtcolor%22%3A%22%23ffffff%22%7D%2C%7B%22label%22%3A%22Accessibility%22%2C%22value%22%3A%22100%22%2C%22color%22%3A%22custom%22%2C%22customcolor%22%3A%22%23dd4814%22%2C%22customtxtcolor%22%3A%22%23ffffff%22%7D%2C%7B%22label%22%3A%22Services%20nearby%22%2C%22value%22%3A%2230%22%2C%22color%22%3A%22custom%22%2C%22customcolor%22%3A%22%23dd4814%22%2C%22customtxtcolor%22%3A%22%23ffffff%22%7D%2C%7B%22label%22%3A%22Singletrack%22%2C%22value%22%3A%2270%22%2C%22color%22%3A%22custom%22%2C%22customcolor%22%3A%22%23dd4814%22%2C%22customtxtcolor%22%3A%22%23ffffff%22%7D%2C%7B%22label%22%3A%22Fun%20factor%22%2C%22value%22%3A%2270%22%2C%22color%22%3A%22custom%22%2C%22customcolor%22%3A%22%23dd4814%22%2C%22customtxtcolor%22%3A%22%23ffffff%22%7D%5D&#8221; title=&#8221;Route assessment&#8221; units=&#8221;%&#8221;][vc_empty_space][\/vc_column][\/vc_row][vc_row top_margin=&#8221;0&#8243; bottom_margin=&#8221;0&#8243; css=&#8221;.vc_custom_1453200440989{margin-top: -10px !important;}&#8221;][vc_column]<div class=\"shortcode-wrapper shortcode-icon-column clearfix\"><div class=\"feature-box standard-icon-box alignleft\"><div class=\"feature-box-content\"><h4 class=\"bold\"><i class=\"icon-info title-icon\"><\/i>Route description<\/h4>KORSO MTB -tapahtuman reitti on ehdottomasti <strong>p\u00e4\u00e4kaupunkiseudun parhaita maastopy\u00f6r\u00e4ilyreittej\u00e4<\/strong> erityisesti aloittelijoille! Reitti kulkee Korso \u2013 M\u00e4t\u00e4kivenm\u00e4ki \u2013 Ruotsinkyl\u00e4 &#8211; Kulom\u00e4ki v\u00e4lisell\u00e4 alueella, ja sen alku sijaitsee noin 25 kilometri\u00e4 pohjoiseen Helsingin keskustasta.<\/p>\n<p>Reitin alkupisteen\u00e4 on Korso XCO -radan parkkipaikka osoitteessa\u00a0<strong>Huuhkajatie 1, 01450 Vantaa<\/strong>. Parkkipaikka on maksuton, eik\u00e4 siin\u00e4 ole aikarajoitusta.<\/p>\n<p>Maastopy\u00f6r\u00e4ilyreitin ensimm\u00e4iset 1,7 km on siirtymist\u00e4 mets\u00e4\u00e4n. Kyseinen osuus kulkee asfalttitiet\u00e4 pitkin ja sopii erinomaisesti l\u00e4mmittelyyn. T\u00e4m\u00e4n j\u00e4lkeen reitti k\u00e4\u00e4ntyy metsikk\u00f6\u00f6n, ensin latupohjalle ja my\u00f6hemmin poluille.<\/p>\n<p>Kokonaisuudessa <strong>reitti on nopea ja polut hyvin rullaavia<\/strong>. Muutama tekninenkin paikka l\u00f6ytyy, mutta niit\u00e4 on kuitenkin vain v\u00e4h\u00e4n. Erityisesti aloittelijat viihtyv\u00e4t varmasti reitti\u00e4 polkiessa, sill\u00e4 se antaa mukavaa vaihtelua Helsingin ja Espoon Keskuspuistojen juurakoille ja haastaville kalliolle.<\/p>\n<p>KORSO MTB -reitti sopii my\u00f6s kokeneimmille maastopy\u00f6r\u00e4ilij\u00f6ille, sill\u00e4 vauhdin kasvaessa mutkaiset polut pit\u00e4v\u00e4t eritt\u00e4in hyvin hereill\u00e4. T\u00e4m\u00e4 on my\u00f6s hyv\u00e4 paikka harjoitella esimerkiksi kilpailua varten, sill\u00e4 reitill\u00e4 voi keskitty\u00e4 tasaiseen voiman tuottamiseen teknisten osuuksien ylitt\u00e4misen sijaan.<\/p>\n<p>KORSO MTB -reitin hyv\u00e4n\u00e4 puolena on ehdottomasi my\u00f6s se, ett\u00e4 tiesiirtymi\u00e4 on suhteellisen v\u00e4h\u00e4n. <strong>Reitti koostuu p\u00e4\u00e4osin poluista kangasmets\u00e4ss\u00e4<\/strong>. Toki latupohjia sek\u00e4 sorateit\u00e4 l\u00f6ytyy jonkin verran my\u00f6s.<\/p>\n<p>Videosta poiketen j\u00e4lki ei en\u00e4\u00e4 kulje Kulom\u00e4en t\u00e4ytt\u00f6m\u00e4en kautta, sill\u00e4 kyseinen alue on t\u00e4ll\u00e4 hetkell\u00e4 aidattu.<\/p>\n<p>Yhden kierroksen pituus on <strong>29,2\u00a0kilometri\u00e4<\/strong>, mutta niit\u00e4 voi ajaa samalla kerralla useampia. GPS-j\u00e4lki on v\u00e4ltt\u00e4m\u00e4t\u00f6n reitill\u00e4 pysymiselle.<\/p>\n<p>J\u00e4lki on p\u00e4ivitetty 10.06.2021.<\/div><\/div><\/div>[\/vc_column][\/vc_row][vc_row][vc_column][vc_empty_space][vc_column_text]\t\t<div id=\"maps-marker-pro-413881e6\" class=\"maps-marker-pro\" style=\"width: 100%;\">\r\n\t\t\t<div id=\"mmp-map-wrap-413881e6\" class=\"mmp-map-wrap\">\r\n\t\t\t\t\t\t\t\t<div id=\"mmp-map-413881e6\" class=\"mmp-map\" style=\"height: 600px;\"><\/div>\r\n\t\t\t\t\t\t\t\t\t<div id=\"mmp-chart-wrap-413881e6\" class=\"mmp-gpx-chart-wrap\" style=\"height: 200px;\"><\/div>\r\n\t\t\t\t\t\t\t<\/div>\r\n\t\t\t\t\t<\/div>\r\n\t\t[\/vc_column_text][\/vc_column][\/vc_row][vc_row][vc_column]<a href=\"https:\/\/mtbreitti.fi\/en\/tuote\/korso-gps-track\/\" class=\"hb-button hb-default hb-default-button no-three-d\" target=\"_blank\" style=\"-webkit-border-radius: 10px;-moz-border-radius: 10px;border-radius: 10px;\"><i class=\"hb-moon-folder-upload\"><\/i>Download GPS-file here<\/a>[vc_empty_space][vc_empty_space]<div class=\"shortcode-wrapper shortcode-title clearfix\"><h2 class=\"\">Compare hotel rates and book an affordable accommodation below:<\/h2><\/div>[vc_empty_space][vc_column_text]<ins class=\"bookingaff\" data-aid=\"1739461\" data-target_aid=\"1739461\" data-prod=\"map\" data-width=\"100%\" data-height=\"590\" data-lang=\"ualng\" data-dest_id=\"0\" data-dest_type=\"landmark\" data-latitude=\"60.3583473\" data-longitude=\"25.0542256\" data-landmark_name=\"Huuhkajatie 1, Vantaa\" data-mwhsb=\"0\" data-address=\"Huuhkajatie 1, 01450 Vantaa, Finland\" data-zoom=\"11\">\r\n    <!-- Anything inside will go away once widget is loaded. -->\r\n        <a href=\"\/\/www.booking.com?aid=1739461\">Booking.com<\/a>\r\n<\/ins><script>\r\n\r\n    (function(d, sc, u) {\r\n      var s = d.createElement(sc), p = d.getElementsByTagName(sc)[0];\r\n      s.type = 'text\/javascript';\r\n      s.async = true;\r\n      s.src = u + '?v=' + (+new Date());\r\n      p.parentNode.insertBefore(s,p);\r\n      })(document, 'script', '\/\/aff.bstatic.com\/static\/affiliate_base\/js\/flexiproduct.js');\r\n<\/script>[\/vc_column_text][vc_empty_space]<div class='ct-weather  ct-weather--size-large ct-weather--box' style='color: #dd4814'><h3 class='ct-weather__title'>Korso<\/h3>\n\t\t\t\t\t\t\t<div class='ct-curent-weather'>\n\t\t\t\t\t\t\t\t<span class='ct-curent-weather__degrees'>9&deg;<\/span>\n\t\t\t\t\t\t\t\t<span class='ct-curent-weather__details'>\n\t\t\t\t\t\t\t\t\t<span>Humidity:<em>74%<\/em><\/span>\n\t\t\t\t\t\t\t\t\t<span>Clouds:<em>0%<\/em><\/span>\n\t\t\t\t\t\t\t\t\t<span>Wind <small>(SW)<\/small>:<em>6<small>kph<\/small><\/em><\/span>\n\t\t\t\t\t\t\t\t<\/span>\n\t\t\t\t\t\t\t\t<span class='ct-curent-weather__description'>taivas on selke\u00e4<\/span>\n\t\t\t\t\t\t\t<\/div>\n\t\t\t\t\t\t<span class=\"ct-weather__list-item\"><span class=\"ct-weather__day\">Saturday, 2 May<\/span><span class=\"ct-weather__weather\"><span data-sw-icon=\"B\"><\/span> 19&deg;C<\/span><\/span><span class=\"ct-weather__list-item\"><span class=\"ct-weather__day\">Sunday, 3 May<\/span><span class=\"ct-weather__weather\"><span data-sw-icon=\"Q\"><\/span> 12&deg;C<\/span><\/span><span class=\"ct-weather__list-item\"><span class=\"ct-weather__day\">Monday, 4 May<\/span><span class=\"ct-weather__weather\"><span data-sw-icon=\"Q\"><\/span> 6&deg;C<\/span><\/span><span class=\"ct-weather__list-item\"><span class=\"ct-weather__day\">Tuesday, 5 May<\/span><span class=\"ct-weather__weather\"><span data-sw-icon=\"B\"><\/span> 11&deg;C<\/span><\/span><span class=\"ct-weather__list-item\"><span class=\"ct-weather__day\">Wednesday, 6 May<\/span><span class=\"ct-weather__weather\"><span data-sw-icon=\"B\"><\/span> 12&deg;C<\/span><\/span><span class=\"ct-weather__list-item\"><span class=\"ct-weather__day\">Thursday, 7 May<\/span><span class=\"ct-weather__weather\"><span data-sw-icon=\"Y\"><\/span> 10&deg;C<\/span><\/span><span class=\"ct-weather__list-item\"><span class=\"ct-weather__day\">Friday, 8 May<\/span><span class=\"ct-weather__weather\"><span data-sw-icon=\"Y\"><\/span> 16&deg;C<\/span><\/span><\/div>[vc_empty_space][vc_empty_space]<div class=\"shortcode-wrapper shortcode-title clearfix\"><h2 class=\"\">What do you think about the route? Do you have any tips regarding the route?<\/h2><\/div>[\/vc_column][\/vc_row][vc_row][vc_column][vc_column_text]Array\r\n\t\t  <div \r\n\t\t  \tclass = \"fb-comments\" \r\n\t\t  \tdata-href = \"https:\/\/mtbreitti.fi\/en\/routes\/korso-finland-mountain-biking-route\/\"\r\n\t\t  \tdata-numposts = \"2\"\r\n\t\t\tdata-colorscheme = \"light\"\r\n\t\t\tdata-order-by = \"social\"\r\n\t\t\tdata-mobile=true>\r\n\t\t  <\/div>\r\n\t\t  <style>\r\n\t\t\t.fb_iframe_widget_fluid_desktop iframe {\r\n\t\t\t    width: 100% !important;\r\n\t\t\t}\r\n\t\t  <\/style>\r\n\t\t  [\/vc_column_text][\/vc_column][\/vc_row][vc_row][vc_column]<div class=\"shortcode-wrapper shortcode-title clearfix\"><h2 class=\"\">You might also be interested in below mountain biking routes:<\/h2><\/div>[\/vc_column][\/vc_row][vc_row][vc_column][vc_basic_grid post_type=&#8221;page&#8221; max_items=&#8221;10&#8243; style=&#8221;pagination&#8221; items_per_page=&#8221;3&#8243; arrows_design=&#8221;vc_arrow-icon-arrow_04_left&#8221; arrows_position=&#8221;outside&#8221; arrows_color=&#8221;black&#8221; paging_design=&#8221;round_fill_square_dots&#8221; paging_color=&#8221;black&#8221; item=&#8221;7278&#8243; grid_id=&#8221;vc_gid:1623321729086-ce3040cd3cc2844ca2265d52c9fc98ce-0&#8243; taxonomies=&#8221;223&#8243;][\/vc_column][\/vc_row]\n<\/div>","protected":false},"excerpt":{"rendered":"<p>[vc_row][vc_column][\/vc_column][\/vc_row][vc_row][vc_column][vc_video link=&#8221;https:\/\/youtu.be\/JIJEJD1CyPs&#8221;][\/vc_column][\/vc_row][vc_row top_margin=&#8221;0&#8243; bottom_margin=&#8221;0&#8243; css=&#8221;.vc_custom_1453202042868{margin-top: -20px !important;}&#8221;][vc_column width=&#8221;1\/4&#8243;][\/vc_column][vc_column width=&#8221;1\/4&#8243;][\/vc_column][vc_column width=&#8221;1\/4&#8243;][\/vc_column][vc_column [&hellip;]<\/p>\n","protected":false},"author":6,"featured_media":6819,"parent":6742,"menu_order":0,"comment_status":"closed","ping_status":"closed","template":"","meta":{"footnotes":""},"categories":[223,228],"tags":[],"class_list":["post-6818","page","type-page","status-publish","has-post-thumbnail","hentry","category-etela-suomi","category-southern-finland"],"aioseo_notices":[],"_links":{"self":[{"href":"https:\/\/mtbreitti.fi\/en\/wp-json\/wp\/v2\/pages\/6818","targetHints":{"allow":["GET"]}}],"collection":[{"href":"https:\/\/mtbreitti.fi\/en\/wp-json\/wp\/v2\/pages"}],"about":[{"href":"https:\/\/mtbreitti.fi\/en\/wp-json\/wp\/v2\/types\/page"}],"author":[{"embeddable":true,"href":"https:\/\/mtbreitti.fi\/en\/wp-json\/wp\/v2\/users\/6"}],"replies":[{"embeddable":true,"href":"https:\/\/mtbreitti.fi\/en\/wp-json\/wp\/v2\/comments?post=6818"}],"version-history":[{"count":5,"href":"https:\/\/mtbreitti.fi\/en\/wp-json\/wp\/v2\/pages\/6818\/revisions"}],"predecessor-version":[{"id":35422,"href":"https:\/\/mtbreitti.fi\/en\/wp-json\/wp\/v2\/pages\/6818\/revisions\/35422"}],"up":[{"embeddable":true,"href":"https:\/\/mtbreitti.fi\/en\/wp-json\/wp\/v2\/pages\/6742"}],"wp:featuredmedia":[{"embeddable":true,"href":"https:\/\/mtbreitti.fi\/en\/wp-json\/wp\/v2\/media\/6819"}],"wp:attachment":[{"href":"https:\/\/mtbreitti.fi\/en\/wp-json\/wp\/v2\/media?parent=6818"}],"wp:term":[{"taxonomy":"category","embeddable":true,"href":"https:\/\/mtbreitti.fi\/en\/wp-json\/wp\/v2\/categories?post=6818"},{"taxonomy":"post_tag","embeddable":true,"href":"https:\/\/mtbreitti.fi\/en\/wp-json\/wp\/v2\/tags?post=6818"}],"curies":[{"name":"wp","href":"https:\/\/api.w.org\/{rel}","templated":true}]}}