{"id":6807,"date":"2019-01-03T14:47:35","date_gmt":"2019-01-03T12:47:35","guid":{"rendered":"https:\/\/mtbreitti.fi\/routes\/karhunpolku-finland-mountain-biking-route\/"},"modified":"2020-12-09T11:27:35","modified_gmt":"2020-12-09T09:27:35","slug":"karhunpolku-finland-mountain-biking-route","status":"publish","type":"page","link":"https:\/\/mtbreitti.fi\/en\/routes\/karhunpolku-finland-mountain-biking-route\/","title":{"rendered":"Karhunpolku, Finland, mountain biking route"},"content":{"rendered":"<div class=\"wpb-content-wrapper\">[vc_row top_margin=&#8221;0&#8243; bottom_margin=&#8221;0&#8243; css=&#8221;.vc_custom_1453200440989{margin-top: -10px !important;}&#8221;][vc_column]<div class=\"shortcode-wrapper shortcode-title clearfix\"><h1 class=\"\">KARHUNPOLKU, mountain biking<\/h1><\/div>[vc_empty_space][vc_video link=&#8221;https:\/\/youtu.be\/2IUDhwlSO58&#8243;][vc_video link=&#8221;https:\/\/youtu.be\/fqcShIAfATA&#8221;][vc_video link=&#8221;https:\/\/youtu.be\/AjNFcETB0Dk&#8221;][\/vc_column][\/vc_row][vc_row top_margin=&#8221;0&#8243; bottom_margin=&#8221;0&#8243; css=&#8221;.vc_custom_1453202042868{margin-top: -20px !important;}&#8221;][vc_column width=&#8221;1\/4&#8243;]<div class=\"shortcode-wrapper shortcode-milestone-counter\"><p class=\"aligncenter\"><i class=\"hb-moon-arrow-7 hb-icon hb-icon-float-none\"><\/i><\/p><div class=\"hb-counter\"><div class=\"count-number\" data-from=\"0\" data-to=\"133\" data-speed=\"700\"><\/div><div class=\"count-separator\"><span><\/span><\/div><h3 class=\"count-subject\">Length, km<\/h3><\/div><\/div>[\/vc_column][vc_column width=&#8221;1\/4&#8243;]<div class=\"shortcode-wrapper shortcode-milestone-counter\"><p class=\"aligncenter\"><i class=\"hb-moon-arrow-8 hb-icon hb-icon-float-none\"><\/i><\/p><div class=\"hb-counter\"><div class=\"count-number\" data-from=\"0\" data-to=\"73\" data-speed=\"700\"><\/div><div class=\"count-separator\"><span><\/span><\/div><h3 class=\"count-subject\">Altitude difference, m<\/h3><\/div><\/div>[\/vc_column][vc_column width=&#8221;1\/4&#8243;]<div class=\"shortcode-wrapper shortcode-milestone-counter\"><p class=\"aligncenter\"><i class=\"hb-moon-resize-2 hb-icon hb-icon-float-none\"><\/i><\/p><div class=\"hb-counter\"><div class=\"count-number\" data-from=\"0\" data-to=\"1026\" data-speed=\"700\"><\/div><div class=\"count-separator\"><span><\/span><\/div><h3 class=\"count-subject\">Total Ascent, m<\/h3><\/div><\/div>[\/vc_column][vc_column width=&#8221;1\/4&#8243;]<div class=\"shortcode-wrapper shortcode-milestone-counter\"><p class=\"aligncenter\"><i class=\"hb-moon-arrow-down-right-6 hb-icon hb-icon-float-none\"><\/i><\/p><div class=\"hb-counter\"><div class=\"count-number\" data-from=\"0\" data-to=\"1900\" data-speed=\"700\"><\/div><div class=\"count-separator\"><span><\/span><\/div><h3 class=\"count-subject\">Longest decent, m<\/h3><\/div><\/div>[\/vc_column][\/vc_row][vc_row][vc_column][vc_empty_space][vc_separator style=&#8221;dashed&#8221; border_width=&#8221;2&#8243;][vc_empty_space][vc_column_text][adning id=&#8221;34893&#8243;][\/vc_column_text][vc_empty_space][\/vc_column][\/vc_row][vc_row][vc_column][vc_progress_bar values=&#8221;%5B%7B%22label%22%3A%22Yleinen%20vaativuustaso%22%2C%22value%22%3A%2295%22%2C%22color%22%3A%22custom%22%2C%22customcolor%22%3A%22%23dd4814%22%2C%22customtxtcolor%22%3A%22%23ffffff%22%7D%2C%7B%22label%22%3A%22Reitin%20teknisyys%22%2C%22value%22%3A%2250%22%2C%22color%22%3A%22custom%22%2C%22customcolor%22%3A%22%23dd4814%22%2C%22customtxtcolor%22%3A%22%23ffffff%22%7D%2C%7B%22label%22%3A%22Monipuolisuus%22%2C%22value%22%3A%2285%22%2C%22color%22%3A%22custom%22%2C%22customcolor%22%3A%22%23dd4814%22%2C%22customtxtcolor%22%3A%22%23ffffff%22%7D%2C%7B%22label%22%3A%22Saavutettavuus%22%2C%22value%22%3A%2210%22%2C%22color%22%3A%22custom%22%2C%22customcolor%22%3A%22%23dd4814%22%2C%22customtxtcolor%22%3A%22%23ffffff%22%7D%2C%7B%22label%22%3A%22Palvelut%20reitin%20varrella%22%2C%22value%22%3A%2220%22%2C%22color%22%3A%22custom%22%2C%22customcolor%22%3A%22%23dd4814%22%2C%22customtxtcolor%22%3A%22%23ffffff%22%7D%2C%7B%22label%22%3A%22Fun%20factor%22%2C%22value%22%3A%2280%22%2C%22color%22%3A%22custom%22%2C%22customcolor%22%3A%22%23dd4814%22%2C%22customtxtcolor%22%3A%22%23ffffff%22%7D%5D&#8221; title=&#8221;Route assessment&#8221; units=&#8221;%&#8221;][vc_separator style=&#8221;dashed&#8221; border_width=&#8221;2&#8243;][vc_empty_space][\/vc_column][\/vc_row][vc_row][vc_column]<div class=\"shortcode-wrapper shortcode-icon-column clearfix\"><div class=\"feature-box standard-icon-box alignleft\"><div class=\"feature-box-content\"><h4 class=\"bold\"><i class=\"icon-info title-icon\"><\/i>Route description<\/h4><strong>Karhunpolku is a 133 km long hiking trail<\/strong>, which is also perfectly suitable for mountain bikers. The route runs through an uninhabited wilderness on the eastern border of Finland (91 km from Joensuu and 41 km from Uimaharju). The terrain on the route varies a lot, so you will definitely get a great versatility to your ride. There is a wide offering of well-maintained resting places on the route. Various campfire sites, shelters and wilderness huts will provide you with various possibilities for planning your route sections.<\/p>\n<p style=\"text-align: justify\">The starting point of the route is Patvinsuo National Park. Here you will find a visitor center, parking place, nature hut, sauna and caf\u00e9.<\/p>\n<p style=\"text-align: justify\">The route ends at a resting area of Teljo in Sotkamo, near the Lieksa-Kuhmo Road (524). There is a parking place here as well.<\/p>\n<p style=\"text-align: justify\">The route goes mainly along the forest singletrack, but there are few forest roads and asphalt sections along it as well. There are also plenty of duck-boards along the route, will will definitely test your balance.<\/p>\n<p style=\"text-align: justify\">Karhunpolku trail is well-marked in the terrain. Orange circles on the trees and poles are used as marker points. <strong>However, you should also carry a map,<\/strong>, as there is always a chance of getting lost in the forest. In few sections the route is very demanding for mountain biking. However, there are always some alternative easier routes around these places. <strong>Unfortunately, these &#8220;go around&#8221; sections are not marked in the terrain!<\/strong> Therefore, you should plan your route carefully in advance using a map. I did not use any easier alternative routes during this ride (they are not in the downloadable GPS-track), but afterwards I was thinking that skipping few challenging non-ridable sections of the marked route would actually be a good idea.<\/p>\n<p style=\"text-align: justify\">With a relaxed pace average mountain biker can complete a route in four days (while carrying a tent and a sleeping bag). Or you can ride Karhunpolku as fast as 2 days without any camping equipment.<\/p>\n<h3 style=\"text-align: justify\"><strong>Here is a suggestion for the route sections:<\/strong><\/h3>\n<p style=\"padding-left: 30px\">Day 1: Patvinsuo \u2013 Pitk\u00e4j\u00e4rvi Wilderness Hut.<\/p>\n<p style=\"padding-left: 30px\">Day 2: Pitk\u00e4j\u00e4rvi Wilderness Hut &#8211; Ruunaa Hiking Center<\/p>\n<p style=\"padding-left: 30px\">Day 3: Ruunaa Hiking Centre \u2013 \u00c4n\u00e4k\u00e4inen<\/p>\n<p style=\"padding-left: 30px\">Day 4: \u00c4n\u00e4k\u00e4inen \u2013 Teljo<\/p>\n<p style=\"text-align: justify\"><strong>In Ruunaa Hiking Centre<\/strong> (in the middle of the route) you can rent a cottage (or a tent spot), fill up some carbs at the local canteen, recharge your phone and other batteries, and even visit a sauna. Please note: Ruunaa Hiking Centre does not sell any dry food (07.2015), so all dry meals need to be brought with you from the beginning.<\/p>\n<p style=\"text-align: justify\">This map proved to be very useful for navigation: <strong>Matkailukartta Karjalan kierros 3, Lieksa 1:100000<\/strong>. It can be bought for example from the Visitor Centre of Patvinsuo National Park.<\/p>\n<p style=\"text-align: justify\">Mountain biking the entire route is best suited for quite experienced mountain bikers who have an earlier experience in hiking and riding on the duck-boards. However, beginners can test their biking skills by riding shorter sections without any camping equipment. Patvinsuo Visitor Centre or Ruunaa camping area can be used as a starting point.<\/p>\n<p style=\"text-align: justify\"><strong> I do not recommend riding the route in a rainy weather, because duck-boards are dangerously slippery in a rain.<\/strong><\/p>\n<p style=\"text-align: justify\">When planning to ride Karhunpolku, you will need to arrange your own car transportation. It is unfortunately impossible to reach the area by public transport. Visitor Center of Patvinsuo National Park might possibly help you with the transportation from Teljo (end of the route) back to Patvinsuo.<\/p>\n<p style=\"text-align: justify\"><strong>Note: Due to bad weather, I could not ride the last leg of the route \u00c4n\u00e4k\u00e4inen-Teljo. <\/strong>This section is missing from the GPS-track. Also other route data is a bit off due to this reason (altitude difference, total ascent, longest decent).<\/p>\n<\/div><\/div><\/div>[\/vc_column][\/vc_row][vc_row][vc_column][vc_separator style=&#8221;dashed&#8221; border_width=&#8221;2&#8243;][vc_empty_space][vc_column_text]\t\t<div id=\"maps-marker-pro-8f56fe6f\" class=\"maps-marker-pro\" style=\"width: 100%;\">\r\n\t\t\t<div id=\"mmp-map-wrap-8f56fe6f\" class=\"mmp-map-wrap\">\r\n\t\t\t\t\t\t\t\t<div id=\"mmp-map-8f56fe6f\" class=\"mmp-map\" style=\"height: 600px;\"><\/div>\r\n\t\t\t\t\t\t\t\t\t<div id=\"mmp-chart-wrap-8f56fe6f\" class=\"mmp-gpx-chart-wrap\" style=\"height: 200px;\"><\/div>\r\n\t\t\t\t\t\t\t<\/div>\r\n\t\t\t\t\t<\/div>\r\n\t\t[\/vc_column_text][\/vc_column][\/vc_row][vc_row][vc_column]<a href=\"https:\/\/mtbreitti.fi\/tuote\/karhunpolku-gps-jalki\/\" class=\"hb-button hb-default hb-default-button no-three-d\" target=\"_blank\" style=\"-webkit-border-radius: 10px;-moz-border-radius: 10px;border-radius: 10px;\"><i class=\"hb-moon-folder-upload\"><\/i>Download GPS-file here<\/a>[vc_empty_space][vc_separator style=&#8221;dashed&#8221; border_width=&#8221;2&#8243;][vc_empty_space]<div class=\"shortcode-wrapper shortcode-title clearfix\"><h2 class=\"\">Compare hotel rates and book an affordable accommodation below:<\/h2><\/div>[vc_empty_space][vc_column_text]<ins class=\"bookingaff\" data-aid=\"1739568\" data-target_aid=\"1739568\" data-prod=\"map\" data-width=\"100%\" data-height=\"590\" data-lang=\"ualng\" data-dest_id=\"0\" data-dest_type=\"landmark\" data-latitude=\"63.1131218\" data-longitude=\"30.7011862\" data-landmark_name=\"Patvinsuon kansallispuisto\" data-mwhsb=\"0\" data-address=\"Patvinsuo National Park, Lieksa, Finland\" data-zoom=\"8\">\r\n    <!-- Anything inside will go away once widget is loaded. -->\r\n        <a href=\"\/\/www.booking.com?aid=1739568\">Booking.com<\/a>\r\n<\/ins><script>\r\n\r\n    (function(d, sc, u) {\r\n      var s = d.createElement(sc), p = d.getElementsByTagName(sc)[0];\r\n      s.type = 'text\/javascript';\r\n      s.async = true;\r\n      s.src = u + '?v=' + (+new Date());\r\n      p.parentNode.insertBefore(s,p);\r\n      })(document, 'script', '\/\/aff.bstatic.com\/static\/affiliate_base\/js\/flexiproduct.js');\r\n<\/script>[\/vc_column_text][vc_empty_space]<div class='ct-weather  ct-weather--size-large ct-weather--box' style='color: #dd4814'><h3 class='ct-weather__title'>Patvinsuon kansallispuisto<\/h3>\n\t\t\t\t\t\t\t<div class='ct-curent-weather'>\n\t\t\t\t\t\t\t\t<span class='ct-curent-weather__degrees'>3&deg;<\/span>\n\t\t\t\t\t\t\t\t<span class='ct-curent-weather__details'>\n\t\t\t\t\t\t\t\t\t<span>Humidity:<em>86%<\/em><\/span>\n\t\t\t\t\t\t\t\t\t<span>Clouds:<em>55%<\/em><\/span>\n\t\t\t\t\t\t\t\t\t<span>Wind <small>(N)<\/small>:<em>11<small>kph<\/small><\/em><\/span>\n\t\t\t\t\t\t\t\t<\/span>\n\t\t\t\t\t\t\t\t<span class='ct-curent-weather__description'>hajanaisia pilvi\u00e4<\/span>\n\t\t\t\t\t\t\t<\/div>\n\t\t\t\t\t\t<span class=\"ct-weather__list-item\"><span class=\"ct-weather__day\">Friday, 17 April<\/span><span class=\"ct-weather__weather\"><span data-sw-icon=\"N\"><\/span> 9&deg;C<\/span><\/span><span class=\"ct-weather__list-item\"><span class=\"ct-weather__day\">Saturday, 18 April<\/span><span class=\"ct-weather__weather\"><span data-sw-icon=\"Y\"><\/span> 4&deg;C<\/span><\/span><span class=\"ct-weather__list-item\"><span class=\"ct-weather__day\">Sunday, 19 April<\/span><span class=\"ct-weather__weather\"><span data-sw-icon=\"H\"><\/span> 6&deg;C<\/span><\/span><span class=\"ct-weather__list-item\"><span class=\"ct-weather__day\">Monday, 20 April<\/span><span class=\"ct-weather__weather\"><span data-sw-icon=\"N\"><\/span> 8&deg;C<\/span><\/span><span class=\"ct-weather__list-item\"><span class=\"ct-weather__day\">Tuesday, 21 April<\/span><span class=\"ct-weather__weather\"><span data-sw-icon=\"H\"><\/span> 10&deg;C<\/span><\/span><span class=\"ct-weather__list-item\"><span class=\"ct-weather__day\">Wednesday, 22 April<\/span><span class=\"ct-weather__weather\"><span data-sw-icon=\"Q\"><\/span> 9&deg;C<\/span><\/span><span class=\"ct-weather__list-item\"><span class=\"ct-weather__day\">Thursday, 23 April<\/span><span class=\"ct-weather__weather\"><span data-sw-icon=\"N\"><\/span> 7&deg;C<\/span><\/span><\/div>[vc_empty_space][vc_separator style=&#8221;dashed&#8221; border_width=&#8221;2&#8243;][vc_video link=&#8221;https:\/\/youtu.be\/rzlsZZSbx_w&#8221; title=&#8221;Bonus Video&#8221;][vc_empty_space][vc_separator style=&#8221;dashed&#8221; border_width=&#8221;2&#8243;][vc_empty_space]<div class=\"shortcode-wrapper shortcode-title clearfix\"><h2 class=\"\">What do you think about the route?<\/h2><\/div>[\/vc_column][\/vc_row][vc_row][vc_column][vc_column_text][fbcomments][\/vc_column_text][vc_separator style=&#8221;dashed&#8221; border_width=&#8221;2&#8243;][\/vc_column][\/vc_row][vc_row][vc_column]<div class=\"shortcode-wrapper shortcode-title clearfix\"><h2 class=\"\">You might also be interested in below mountain biking routes:<\/h2><\/div>[\/vc_column][\/vc_row][vc_row][vc_column][vc_basic_grid post_type=&#8221;page&#8221; max_items=&#8221;10&#8243; style=&#8221;pagination&#8221; items_per_page=&#8221;3&#8243; arrows_design=&#8221;vc_arrow-icon-arrow_04_left&#8221; arrows_position=&#8221;outside&#8221; arrows_color=&#8221;black&#8221; paging_design=&#8221;round_fill_square_dots&#8221; paging_color=&#8221;black&#8221; item=&#8221;7278&#8243; grid_id=&#8221;vc_gid:1607431862738-8ccf6490d2da1ad1e560c871ddec3499-5&#8243; taxonomies=&#8221;226&#8243;][\/vc_column][\/vc_row][vc_row][vc_column][vc_separator style=&#8221;dashed&#8221; border_width=&#8221;2&#8243; css=&#8221;.vc_custom_1552500103701{margin-top: 20px !important;}&#8221;][\/vc_column][\/vc_row]\n<\/div>","protected":false},"excerpt":{"rendered":"<p>[vc_row top_margin=&#8221;0&#8243; bottom_margin=&#8221;0&#8243; css=&#8221;.vc_custom_1453200440989{margin-top: -10px !important;}&#8221;][vc_column][vc_empty_space][vc_video link=&#8221;https:\/\/youtu.be\/2IUDhwlSO58&#8243;][vc_video link=&#8221;https:\/\/youtu.be\/fqcShIAfATA&#8221;][vc_video link=&#8221;https:\/\/youtu.be\/AjNFcETB0Dk&#8221;][\/vc_column][\/vc_row][vc_row top_margin=&#8221;0&#8243; [&hellip;]<\/p>\n","protected":false},"author":6,"featured_media":6812,"parent":6742,"menu_order":0,"comment_status":"closed","ping_status":"closed","template":"","meta":{"footnotes":""},"categories":[230,226],"tags":[],"class_list":["post-6807","page","type-page","status-publish","has-post-thumbnail","hentry","category-eastern-finland","category-ita-suomi"],"aioseo_notices":[],"_links":{"self":[{"href":"https:\/\/mtbreitti.fi\/en\/wp-json\/wp\/v2\/pages\/6807","targetHints":{"allow":["GET"]}}],"collection":[{"href":"https:\/\/mtbreitti.fi\/en\/wp-json\/wp\/v2\/pages"}],"about":[{"href":"https:\/\/mtbreitti.fi\/en\/wp-json\/wp\/v2\/types\/page"}],"author":[{"embeddable":true,"href":"https:\/\/mtbreitti.fi\/en\/wp-json\/wp\/v2\/users\/6"}],"replies":[{"embeddable":true,"href":"https:\/\/mtbreitti.fi\/en\/wp-json\/wp\/v2\/comments?post=6807"}],"version-history":[{"count":5,"href":"https:\/\/mtbreitti.fi\/en\/wp-json\/wp\/v2\/pages\/6807\/revisions"}],"predecessor-version":[{"id":35010,"href":"https:\/\/mtbreitti.fi\/en\/wp-json\/wp\/v2\/pages\/6807\/revisions\/35010"}],"up":[{"embeddable":true,"href":"https:\/\/mtbreitti.fi\/en\/wp-json\/wp\/v2\/pages\/6742"}],"wp:featuredmedia":[{"embeddable":true,"href":"https:\/\/mtbreitti.fi\/en\/wp-json\/wp\/v2\/media\/6812"}],"wp:attachment":[{"href":"https:\/\/mtbreitti.fi\/en\/wp-json\/wp\/v2\/media?parent=6807"}],"wp:term":[{"taxonomy":"category","embeddable":true,"href":"https:\/\/mtbreitti.fi\/en\/wp-json\/wp\/v2\/categories?post=6807"},{"taxonomy":"post_tag","embeddable":true,"href":"https:\/\/mtbreitti.fi\/en\/wp-json\/wp\/v2\/tags?post=6807"}],"curies":[{"name":"wp","href":"https:\/\/api.w.org\/{rel}","templated":true}]}}