{"id":6796,"date":"2018-12-30T17:58:03","date_gmt":"2018-12-30T15:58:03","guid":{"rendered":"https:\/\/mtbreitti.fi\/routes\/kaldoaivi-lapland-mountain-biking-route\/"},"modified":"2020-12-09T11:30:43","modified_gmt":"2020-12-09T09:30:43","slug":"kaldoaivi-lapland-mountain-biking-route","status":"publish","type":"page","link":"https:\/\/mtbreitti.fi\/en\/routes\/kaldoaivi-lapland-mountain-biking-route\/","title":{"rendered":"Kaldoaivi, Lapland, mountain biking route"},"content":{"rendered":"<div class=\"wpb-content-wrapper\">[vc_row][vc_column]<div class=\"shortcode-wrapper shortcode-title clearfix\"><h1 class=\"\">Kaldoaivi Wilderness Area, mountain biking route<\/h1><\/div>[\/vc_column][\/vc_row][vc_row][vc_column][vc_video link=&#8221;https:\/\/youtu.be\/H60n8aZyHoM&#8221;][\/vc_column][\/vc_row][vc_row top_margin=&#8221;0&#8243; bottom_margin=&#8221;0&#8243; css=&#8221;.vc_custom_1453202042868{margin-top: -20px !important;}&#8221;][vc_column width=&#8221;1\/4&#8243;]<div class=\"shortcode-wrapper shortcode-milestone-counter\"><p class=\"aligncenter\"><i class=\"hb-moon-arrow-7 hb-icon hb-icon-float-none\"><\/i><\/p><div class=\"hb-counter\"><div class=\"count-number\" data-from=\"0\" data-to=\"69\" data-speed=\"700\"><\/div><div class=\"count-separator\"><span><\/span><\/div><h3 class=\"count-subject\">Length, km<\/h3><\/div><\/div>[\/vc_column][vc_column width=&#8221;1\/4&#8243;]<div class=\"shortcode-wrapper shortcode-milestone-counter\"><p class=\"aligncenter\"><i class=\"hb-moon-arrow-8 hb-icon hb-icon-float-none\"><\/i><\/p><div class=\"hb-counter\"><div class=\"count-number\" data-from=\"0\" data-to=\"383\" data-speed=\"700\"><\/div><div class=\"count-separator\"><span><\/span><\/div><h3 class=\"count-subject\">Altitude difference, m<\/h3><\/div><\/div>[\/vc_column][vc_column width=&#8221;1\/4&#8243;]<div class=\"shortcode-wrapper shortcode-milestone-counter\"><p class=\"aligncenter\"><i class=\"hb-moon-resize-2 hb-icon hb-icon-float-none\"><\/i><\/p><div class=\"hb-counter\"><div class=\"count-number\" data-from=\"0\" data-to=\"1081\" data-speed=\"700\"><\/div><div class=\"count-separator\"><span><\/span><\/div><h3 class=\"count-subject\">Total Ascent, m<\/h3><\/div><\/div>[\/vc_column][vc_column width=&#8221;1\/4&#8243;]<div class=\"shortcode-wrapper shortcode-milestone-counter\"><p class=\"aligncenter\"><i class=\"hb-moon-arrow-down-right-6 hb-icon hb-icon-float-none\"><\/i><\/p><div class=\"hb-counter\"><div class=\"count-number\" data-from=\"0\" data-to=\"5000\" data-speed=\"700\"><\/div><div class=\"count-separator\"><span><\/span><\/div><h3 class=\"count-subject\">Longest decent, m<\/h3><\/div><\/div>[\/vc_column][\/vc_row][vc_row][vc_column][vc_empty_space][vc_separator style=&#8221;dashed&#8221; border_width=&#8221;2&#8243;][vc_empty_space][vc_column_text][adning id=&#8221;34893&#8243;][\/vc_column_text][vc_empty_space][\/vc_column][\/vc_row][vc_row][vc_column][vc_progress_bar values=&#8221;%5B%7B%22label%22%3A%22Yleinen%20vaativuustaso%22%2C%22value%22%3A%22100%22%2C%22color%22%3A%22custom%22%2C%22customcolor%22%3A%22%23dd4814%22%2C%22customtxtcolor%22%3A%22%23ffffff%22%7D%2C%7B%22label%22%3A%22Reitin%20teknisyys%22%2C%22value%22%3A%2250%22%2C%22color%22%3A%22custom%22%2C%22customcolor%22%3A%22%23dd4814%22%2C%22customtxtcolor%22%3A%22%23ffffff%22%7D%2C%7B%22label%22%3A%22Saavutettavuus%20(Nuorgam)%22%2C%22value%22%3A%2220%22%2C%22color%22%3A%22custom%22%2C%22customcolor%22%3A%22%23dd4814%22%2C%22customtxtcolor%22%3A%22%23ffffff%22%7D%2C%7B%22label%22%3A%22Palvelut%2F%20tuvat%2F%20laavut%20reitin%20varrella%22%2C%22value%22%3A%220%22%2C%22color%22%3A%22custom%22%2C%22customcolor%22%3A%22%23dd4814%22%2C%22customtxtcolor%22%3A%22%23ffffff%22%7D%2C%7B%22label%22%3A%22Polkuosuus%20reitist%C3%A4%22%2C%22value%22%3A%2215%22%2C%22color%22%3A%22custom%22%2C%22customcolor%22%3A%22%23dd4814%22%2C%22customtxtcolor%22%3A%22%23ffffff%22%7D%2C%7B%22label%22%3A%22Fun%20factor%22%2C%22value%22%3A%22100%22%2C%22color%22%3A%22custom%22%2C%22customcolor%22%3A%22%23dd4814%22%2C%22customtxtcolor%22%3A%22%23ffffff%22%7D%5D&#8221; title=&#8221;Route assessment&#8221; units=&#8221;%&#8221;][vc_empty_space][vc_column_text]\t\t<div id=\"maps-marker-pro-6758b0c6\" class=\"maps-marker-pro\" style=\"width: 100%;\">\r\n\t\t\t<div id=\"mmp-map-wrap-6758b0c6\" class=\"mmp-map-wrap\">\r\n\t\t\t\t\t\t\t\t<div id=\"mmp-map-6758b0c6\" class=\"mmp-map\" style=\"height: 600px;\"><\/div>\r\n\t\t\t\t\t\t\t\t\t<div id=\"mmp-chart-wrap-6758b0c6\" class=\"mmp-gpx-chart-wrap\" style=\"height: 200px;\"><\/div>\r\n\t\t\t\t\t\t\t<\/div>\r\n\t\t\t\t\t<\/div>\r\n\t\t[\/vc_column_text][\/vc_column][\/vc_row][vc_row top_margin=&#8221;0&#8243; bottom_margin=&#8221;0&#8243; css=&#8221;.vc_custom_1453200440989{margin-top: -10px !important;}&#8221;][vc_column]<div class=\"shortcode-wrapper shortcode-icon-column clearfix\"><div class=\"feature-box standard-icon-box alignleft\"><div class=\"feature-box-content\"><h4 class=\"bold\"><i class=\"icon-info title-icon\"><\/i>Route description<\/h4><strong>Kaldoaivi is the largest wilderness area in Finland<\/strong>, located on the areas of Inari, Utsjoki and Norway. The landscapes of Kaldoaivi vary from steep and deep river valleys to gently sloping fells and swamp areas. The area is also rich in lakes, rivers and streams, making access water quite easy.<\/p>\n<p>The routes in the wilderness are mainly ATV tracks, which have been formed from fishing and reindeer husbandry needs. ATV tracks can be tens of kilometres in length and are perfectly suitable for mountain biking.<\/p>\n<p><strong>Mieraslompolo-Pulmankij\u00e4rvi route is perhaps the most popular among mountain bikers.<\/strong> The route has a length of about <strong>68 kilometers<\/strong>. Due to its technically challenging and rugged terrain, it cannot be recommended for beginner mountain bikers. In addition, the route runs through an open fell area where weather conditions can change very quickly. <strong>There is no weather protection along this route<\/strong> (e.g. shelters and cabins), so all the proper clothing and other equipment (e.g. tent, sleeping bag) should be brought with you.<\/p>\n<p>Due to the length of the route, all mandatory bike repair equipment must also packed. In addition to this, you must have a good knowledge and experience in using them, as in the worst case scenario you can find yourself <strong>35 kilometers from the nearest road<\/strong>.<\/p>\n<p>In addition, mobile phone nerwork covarage in the Kaldoaivi Wilderness Area can be non-existing in places (depending on the operator). In certain areas there is no reception at all, so you should be very careful in avoiding any unnecessary risks during mountain biking.<\/p>\n<p>Mieraslompolo &#8211; Pulmankij\u00e4rvi route can be ridden in both directions. One option is to ride it <strong>in one day, in around 8-12 hours<\/strong>. However, this requires good fitness level and and experience in long distance mountain biking. Another option is to take a<strong> tent and ride the route in two days<\/strong>. In this case, you can pedal slower (about 35 km per day), enjoy the scenery more and minimize possible weather condition risks (tent protection).<\/p>\n<p>The Mieraslompolo-Pulmankij\u00e4rvi route starts from the Mast Road of Mieraslompolo (<strong>Utsjoentie 3911, 99980 Utsjoki<\/strong>), which is located 82 kilometers from Nuorgam and 39 km south of Utsjoki. In addition to your own car, local taxi services or a long-distance bus connection can transport you to the starting point of the route. My bus left Nuorgam at 4:38 in the morning and the trip to Mieraslompolo lasted about 1h 20min. This way, I could start riding around 6 a.m.<\/p>\n<p>The first three kilometers of the route are rocky uphill. In some places these rock are quite challenging, but can still be ridden with a bike. The first kilometers will certainly take up some of your energy, as the <strong>you will accumulate around 130 ascent meters at this stage<\/strong>.<\/p>\n<p>After the initial climb the route will get easier. It continues on a gentle downhill following the ATV route. The route forks in few places, so it&#8217;s important to follow the map or\/and the GPS-track to stay on the right path. There are no markings on the route, so the navigation skills are certainly vital.<\/p>\n<p>At about five kilometers mark (close to the \u00c1vzegeasl\u00e1ttu Lake) the route forks. You should continue straight and not to the left (the left path will take you to the Riekkoj\u00e4rvi Lake). Around 11 km (nearby Lake Vundej\u00e4rvi) the route forks again. Again, you should continue straight. A more visible left road goes towards the Lake Vetsij\u00e4rvi. During the first 10 kilometers there will be few creeks and streams. You should be able to cross them without making your feet wet.<\/p>\n<p>From now on, the route continues on a clear ATV track. The route is mainly easy, except for a few small swamps and some rocky terrain in places. At this point of the route, your feet will <strong>probably get wet<\/strong>, as there will be more and more wet sections along the way. It&#8217;s a good idea to keep this in mind when choosing suitable shoes and socks.<\/p>\n<p>On the shore of Lake Buksaj\u00e4rvi (about 22 km) you can enjoy the spectacular scenery of <strong>fishermen&#8217;s huts and fells.This creates a truly magical atmosphere.<\/strong> From the lake of Buksaj\u00e4rvi the route continues with a gentle uphill following the ATV road. There will be few more challenging rocky sections ahead, but in general the route is easily ridable.<\/p>\n<p>At the top of the Guorboaivi fell (about 30 km) you can enjoy an open mountain scenery (especially when the weather is clear) and see the remainings of the weather tower. From now on, threre will be a downhill of approximately three kilometres. The route goes along the fell ridges to the peak of Goall\u00e1gotteoaivi (34 km). At the top the route disappears for a few hundred meters. A good idea here is to track your position using both GPS and a paper map. Continue forward (slightly to the right), and soon you will find the path again.<\/p>\n<p>After Goall\u00e1gotteoaivi top, the route continues along a very distinct ATV track. At 40 km mark (by the Duottar-G\u00e1lddoj\u00e4rvi Lake) the route disappears completely again. This area is very wet, what may be the reason for ATVs to completely go around it. In this section it is good to check the map and GPS-location once again. If you look gently to the left, you will spot the hut of reindeer herders at the bank of the lake. Continue towards it for about a few kilometers (or follow my GPS-track). Shortly before the cottages the ATV route reappears again.<\/p>\n<p>Next you will encounter a creek crossing. The area around the creek is pretty wet, so here you&#8217;ll probably get your feet wet again. This, however, what the real adventure is all about! From now on, the route follows a very distinct track, which is mainly slight downhill (the longest downhill here is about 5 km).<\/p>\n<p>The last 10 kilometres of the route are technically more difficult. There are plenty of rocky terrain and small muddy streams along the way. You should reserve more time for riding this section. In addition to this, it is a good idea to ride a bit slower, as you will definitelly feel some fatigue at this point. As we all know, fatigue also increases the risks of riding mistakes.<\/p>\n<p>The route ends on the road to Pulmankij\u00e4rvi (<strong>Pulmankij\u00e4rventie 1676-1694, 99990 Utsjoki<\/strong>), where you can park your car if needed. From the side of the road parking, it is still around 17 km of the gravel and asphalt road to Nuorgam. I warmly recommend you to arrange a return transfer via the local transportation operator (unless you have your own car), as your energy at this point might be very low for riding another 17 km of a relatively boring road.<\/p>\n<p>In general, this route was definitely one of the most difficult I have ever ridden, but at the same time the most rewarding.<\/p>\n<p><strong>The real wilderness of Kaldoaivi Wilderness Area, the spectacular fell scenery, the physical challenge of the route (especially when riding in one day) and the changing weather conditions will definitely ensure an unforgettable experience for every experienced mountain biker!<\/strong><\/div><\/div><\/div>[\/vc_column][\/vc_row][vc_row][vc_column][vc_empty_space][\/vc_column][\/vc_row][vc_row][vc_column]<a href=\"https:\/\/mtbreitti.fi\/tuote\/kaldoaivin-eramaa-gps-jalki\/\" class=\"hb-button hb-default hb-default-button no-three-d\" target=\"_blank\" style=\"-webkit-border-radius: 10px;-moz-border-radius: 10px;border-radius: 10px;\"><i class=\"hb-moon-folder-upload\"><\/i>Download GPS-file here<\/a>[vc_empty_space][vc_separator style=&#8221;dashed&#8221; border_width=&#8221;2&#8243;][vc_empty_space]<div class=\"shortcode-wrapper shortcode-title clearfix\"><h2 class=\"\">Compare hotel rates and book an affordable accommodation below:<\/h2><\/div>[vc_empty_space][vc_column_text][booking_product_helper shortname=&#8221;kaldoaivi&#8221;][\/vc_column_text]<div class='ct-weather  ct-weather--size-large ct-weather--box' style='color: #dd4814'><h3 class='ct-weather__title'>Nuorgam<\/h3>\n\t\t\t\t\t\t\t<div class='ct-curent-weather'>\n\t\t\t\t\t\t\t\t<span class='ct-curent-weather__degrees'>4&deg;<\/span>\n\t\t\t\t\t\t\t\t<span class='ct-curent-weather__details'>\n\t\t\t\t\t\t\t\t\t<span>Humidity:<em>59%<\/em><\/span>\n\t\t\t\t\t\t\t\t\t<span>Clouds:<em>69%<\/em><\/span>\n\t\t\t\t\t\t\t\t\t<span>Wind <small>(NW)<\/small>:<em>14<small>kph<\/small><\/em><\/span>\n\t\t\t\t\t\t\t\t<\/span>\n\t\t\t\t\t\t\t\t<span class='ct-curent-weather__description'>hajanaisia pilvi\u00e4<\/span>\n\t\t\t\t\t\t\t<\/div>\n\t\t\t\t\t\t<span class=\"ct-weather__list-item\"><span class=\"ct-weather__day\">Thursday, 7 May<\/span><span class=\"ct-weather__weather\"><span data-sw-icon=\"\"><\/span> 3&deg;C<\/span><\/span><span class=\"ct-weather__list-item\"><span class=\"ct-weather__day\">Friday, 8 May<\/span><span class=\"ct-weather__weather\"><span data-sw-icon=\"Y\"><\/span> 4&deg;C<\/span><\/span><span class=\"ct-weather__list-item\"><span class=\"ct-weather__day\">Saturday, 9 May<\/span><span class=\"ct-weather__weather\"><span data-sw-icon=\"N\"><\/span> 6&deg;C<\/span><\/span><span class=\"ct-weather__list-item\"><span class=\"ct-weather__day\">Sunday, 10 May<\/span><span class=\"ct-weather__weather\"><span data-sw-icon=\"Q\"><\/span> 5&deg;C<\/span><\/span><span class=\"ct-weather__list-item\"><span class=\"ct-weather__day\">Monday, 11 May<\/span><span class=\"ct-weather__weather\"><span data-sw-icon=\"Q\"><\/span> 7&deg;C<\/span><\/span><span class=\"ct-weather__list-item\"><span class=\"ct-weather__day\">Tuesday, 12 May<\/span><span class=\"ct-weather__weather\"><span data-sw-icon=\"\"><\/span> 5&deg;C<\/span><\/span><span class=\"ct-weather__list-item\"><span class=\"ct-weather__day\">Wednesday, 13 May<\/span><span class=\"ct-weather__weather\"><span data-sw-icon=\"B\"><\/span> 7&deg;C<\/span><\/span><\/div>[vc_empty_space][vc_separator style=&#8221;dashed&#8221; border_width=&#8221;2&#8243;]<div class=\"shortcode-wrapper shortcode-title clearfix\"><h2 class=\"\">What do you think about the route? Do you have any tips regarding the route?<\/h2><\/div>[\/vc_column][\/vc_row][vc_row][vc_column][vc_column_text][fbcomments][\/vc_column_text][vc_separator style=&#8221;dashed&#8221; border_width=&#8221;2&#8243;][\/vc_column][\/vc_row][vc_row][vc_column]<div class=\"shortcode-wrapper shortcode-title clearfix\"><h2 class=\"\">You might also be interested in below mountain biking routes:<\/h2><\/div>[\/vc_column][\/vc_row][vc_row][vc_column][vc_basic_grid post_type=&#8221;page&#8221; max_items=&#8221;10&#8243; style=&#8221;pagination&#8221; items_per_page=&#8221;3&#8243; arrows_design=&#8221;vc_arrow-icon-arrow_04_left&#8221; arrows_position=&#8221;outside&#8221; arrows_color=&#8221;black&#8221; paging_design=&#8221;round_fill_square_dots&#8221; paging_color=&#8221;black&#8221; item=&#8221;7278&#8243; grid_id=&#8221;vc_gid:1607432385166-5639a84dad3a7528abfd05a10bc36a83-7&#8243; taxonomies=&#8221;224&#8243;][vc_separator style=&#8221;dashed&#8221; border_width=&#8221;2&#8243; css=&#8221;.vc_custom_1552499716071{margin-top: 20px !important;}&#8221;][\/vc_column][\/vc_row]\n<\/div>","protected":false},"excerpt":{"rendered":"<p>[vc_row][vc_column][\/vc_column][\/vc_row][vc_row][vc_column][vc_video link=&#8221;https:\/\/youtu.be\/H60n8aZyHoM&#8221;][\/vc_column][\/vc_row][vc_row top_margin=&#8221;0&#8243; bottom_margin=&#8221;0&#8243; css=&#8221;.vc_custom_1453202042868{margin-top: -20px !important;}&#8221;][vc_column width=&#8221;1\/4&#8243;][\/vc_column][vc_column width=&#8221;1\/4&#8243;][\/vc_column][vc_column width=&#8221;1\/4&#8243;][\/vc_column][vc_column [&hellip;]<\/p>\n","protected":false},"author":6,"featured_media":6797,"parent":6742,"menu_order":0,"comment_status":"closed","ping_status":"closed","template":"","meta":{"footnotes":""},"categories":[229,224],"tags":[],"class_list":["post-6796","page","type-page","status-publish","has-post-thumbnail","hentry","category-northern-finland","category-pohjois-suomi"],"aioseo_notices":[],"_links":{"self":[{"href":"https:\/\/mtbreitti.fi\/en\/wp-json\/wp\/v2\/pages\/6796","targetHints":{"allow":["GET"]}}],"collection":[{"href":"https:\/\/mtbreitti.fi\/en\/wp-json\/wp\/v2\/pages"}],"about":[{"href":"https:\/\/mtbreitti.fi\/en\/wp-json\/wp\/v2\/types\/page"}],"author":[{"embeddable":true,"href":"https:\/\/mtbreitti.fi\/en\/wp-json\/wp\/v2\/users\/6"}],"replies":[{"embeddable":true,"href":"https:\/\/mtbreitti.fi\/en\/wp-json\/wp\/v2\/comments?post=6796"}],"version-history":[{"count":5,"href":"https:\/\/mtbreitti.fi\/en\/wp-json\/wp\/v2\/pages\/6796\/revisions"}],"predecessor-version":[{"id":35042,"href":"https:\/\/mtbreitti.fi\/en\/wp-json\/wp\/v2\/pages\/6796\/revisions\/35042"}],"up":[{"embeddable":true,"href":"https:\/\/mtbreitti.fi\/en\/wp-json\/wp\/v2\/pages\/6742"}],"wp:featuredmedia":[{"embeddable":true,"href":"https:\/\/mtbreitti.fi\/en\/wp-json\/wp\/v2\/media\/6797"}],"wp:attachment":[{"href":"https:\/\/mtbreitti.fi\/en\/wp-json\/wp\/v2\/media?parent=6796"}],"wp:term":[{"taxonomy":"category","embeddable":true,"href":"https:\/\/mtbreitti.fi\/en\/wp-json\/wp\/v2\/categories?post=6796"},{"taxonomy":"post_tag","embeddable":true,"href":"https:\/\/mtbreitti.fi\/en\/wp-json\/wp\/v2\/tags?post=6796"}],"curies":[{"name":"wp","href":"https:\/\/api.w.org\/{rel}","templated":true}]}}