{"id":33987,"date":"2020-03-26T22:11:12","date_gmt":"2020-03-26T20:11:12","guid":{"rendered":"https:\/\/mtbreitti.fi\/?page_id=33987"},"modified":"2020-12-30T17:45:56","modified_gmt":"2020-12-30T15:45:56","slug":"mynamaki-nousiainen-turku-mountain-biking","status":"publish","type":"page","link":"https:\/\/mtbreitti.fi\/en\/routes\/mynamaki-nousiainen-turku-mountain-biking\/","title":{"rendered":"MYN\u00c4M\u00c4KI &#8211; NOUSIAINEN (TURKU), mountain biking"},"content":{"rendered":"<div class=\"wpb-content-wrapper\">[vc_row][vc_column]<div class=\"shortcode-wrapper shortcode-title clearfix\"><h1 class=\"\">MYN\u00c4M\u00c4KI &#8211; NOUSIAINEN (TURKU) &#8211; mountain biking route<\/h1><\/div>[\/vc_column][\/vc_row][vc_row][vc_column]<div class=\"shortcode-wrapper shortcode-video fitVids clearfix hb-box-frame\"><span><iframe loading=\"lazy\" title=\"MYN\u00c4M\u00c4KI - NOUSIAINEN (TURKU) | Maastopy\u00f6r\u00e4ily\" width=\"500\" height=\"281\" src=\"https:\/\/www.youtube.com\/embed\/72Qps3Kx9QU?feature=oembed\" frameborder=\"0\" allow=\"accelerometer; autoplay; clipboard-write; encrypted-media; gyroscope; picture-in-picture; web-share\" referrerpolicy=\"strict-origin-when-cross-origin\" allowfullscreen><\/iframe><\/span><\/div>[vc_empty_space][\/vc_column][\/vc_row][vc_row top_margin=&#8221;0&#8243; bottom_margin=&#8221;0&#8243; css=&#8221;.vc_custom_1453202042868{margin-top: -20px !important;}&#8221;][vc_column width=&#8221;1\/4&#8243;]<div class=\"shortcode-wrapper shortcode-milestone-counter\"><p class=\"aligncenter\"><i class=\"hb-moon-arrow-7 hb-icon hb-icon-float-none\"><\/i><\/p><div class=\"hb-counter\"><div class=\"count-number\" data-from=\"0\" data-to=\"44\" data-speed=\"700\"><\/div><div class=\"count-separator\"><span><\/span><\/div><h3 class=\"count-subject\">Length, km<\/h3><\/div><\/div>[\/vc_column][vc_column width=&#8221;1\/4&#8243;]<div class=\"shortcode-wrapper shortcode-milestone-counter\"><p class=\"aligncenter\"><i class=\"hb-moon-arrow-8 hb-icon hb-icon-float-none\"><\/i><\/p><div class=\"hb-counter\"><div class=\"count-number\" data-from=\"0\" data-to=\"56\" data-speed=\"700\"><\/div><div class=\"count-separator\"><span><\/span><\/div><h3 class=\"count-subject\">Altitude difference, m<\/h3><\/div><\/div>[\/vc_column][vc_column width=&#8221;1\/4&#8243;]<div class=\"shortcode-wrapper shortcode-milestone-counter\"><p class=\"aligncenter\"><i class=\"hb-moon-resize-2 hb-icon hb-icon-float-none\"><\/i><\/p><div class=\"hb-counter\"><div class=\"count-number\" data-from=\"0\" data-to=\"699\" data-speed=\"700\"><\/div><div class=\"count-separator\"><span><\/span><\/div><h3 class=\"count-subject\">Total Ascent, m<\/h3><\/div><\/div>[\/vc_column][vc_column width=&#8221;1\/4&#8243;]<div class=\"shortcode-wrapper shortcode-milestone-counter\"><p class=\"aligncenter\"><i class=\"hb-moon-arrow-down-right-6 hb-icon hb-icon-float-none\"><\/i><\/p><div class=\"hb-counter\"><div class=\"count-number\" data-from=\"0\" data-to=\"400\" data-speed=\"700\"><\/div><div class=\"count-separator\"><span><\/span><\/div><h3 class=\"count-subject\">Longest decent, m<\/h3><\/div><\/div>[\/vc_column][\/vc_row][vc_row][vc_column][vc_empty_space][vc_separator style=&#8221;dashed&#8221; border_width=&#8221;2&#8243;][vc_empty_space][vc_column_text][adning id=&#8221;34893&#8243;][\/vc_column_text][vc_empty_space][\/vc_column][\/vc_row][vc_row][vc_column][vc_progress_bar values=&#8221;%5B%7B%22label%22%3A%22Yleinen%20vaativuustaso%22%2C%22value%22%3A%2270%22%2C%22color%22%3A%22custom%22%2C%22customcolor%22%3A%22%23dd4814%22%2C%22customtxtcolor%22%3A%22%23ffffff%22%7D%2C%7B%22label%22%3A%22Reitin%20teknisyys%20(keskiarvo)%22%2C%22value%22%3A%2265%22%2C%22color%22%3A%22custom%22%2C%22customcolor%22%3A%22%23dd4814%22%2C%22customtxtcolor%22%3A%22%23ffffff%22%7D%2C%7B%22label%22%3A%22Saavutettavuus%20(Turku)%22%2C%22value%22%3A%2260%22%2C%22color%22%3A%22custom%22%2C%22customcolor%22%3A%22%23dd4814%22%2C%22customtxtcolor%22%3A%22%23ffffff%22%7D%2C%7B%22label%22%3A%22Palvelut%20%2F%20tuvat%20%2F%20laavut%20reitin%20varrella%22%2C%22value%22%3A%2220%22%2C%22color%22%3A%22custom%22%2C%22customcolor%22%3A%22%23dd4814%22%2C%22customtxtcolor%22%3A%22%23ffffff%22%7D%2C%7B%22label%22%3A%22Polkuosuus%20reitist%C3%A4%22%2C%22value%22%3A%2270%22%2C%22color%22%3A%22custom%22%2C%22customcolor%22%3A%22%23dd4814%22%2C%22customtxtcolor%22%3A%22%23ffffff%22%7D%2C%7B%22label%22%3A%22Fun%20factor%22%2C%22value%22%3A%2295%22%2C%22color%22%3A%22custom%22%2C%22customcolor%22%3A%22%23dd4814%22%2C%22customtxtcolor%22%3A%22%23ffffff%22%7D%5D&#8221; title=&#8221;Route assessment&#8221; units=&#8221;%&#8221;][vc_empty_space][vc_column_text]\t\t<div id=\"maps-marker-pro-bd862a26\" class=\"maps-marker-pro\" style=\"width: 100%;\">\r\n\t\t\t<div id=\"mmp-map-wrap-bd862a26\" class=\"mmp-map-wrap\">\r\n\t\t\t\t\t\t\t\t<div id=\"mmp-map-bd862a26\" class=\"mmp-map\" style=\"height: 600px;\"><\/div>\r\n\t\t\t\t\t\t\t\t\t<div id=\"mmp-chart-wrap-bd862a26\" class=\"mmp-gpx-chart-wrap\" style=\"height: 200px;\"><\/div>\r\n\t\t\t\t\t\t\t<\/div>\r\n\t\t\t\t\t<\/div>\r\n\t\t[\/vc_column_text][\/vc_column][\/vc_row][vc_row top_margin=&#8221;0&#8243; bottom_margin=&#8221;0&#8243; css=&#8221;.vc_custom_1453200440989{margin-top: -10px !important;}&#8221;][vc_column]<div class=\"shortcode-wrapper shortcode-icon-column clearfix\"><div class=\"feature-box standard-icon-box alignleft\"><div class=\"feature-box-content\"><h4 class=\"bold\"><i class=\"icon-info title-icon\"><\/i>Route description<\/h4><strong>Myn\u00e4m\u00e4ki is a municipality located just 30 km from Turku.<\/strong> It is known among local mountain bikers for its magnificent <strong>rock trails.<\/strong> There are many different route options in the area that are great for beginners and the most experienced mountain bikers alike. The ridden mountain biking trail passes through the best trail sections if Myn\u00e4m\u00e4ki and Nousiainen, and is best suited for more experienced bikers.<\/p>\n<p>The starting point of the mountain biking route is the parking lot of the Myn\u00e4m\u00e4ki Sports Centre, located at <strong>Urheilutie 6, 23100 Myn\u00e4m\u00e4ki<\/strong>. Here you can leave your car for the time of cycling without an hour limit. The water is not available along the route, so make sure you have enough water supplies with you. The route consists of two circles, one of which runs in <strong>Myn\u00e4m\u00e4ki<\/strong> area and the other goes further south towards<strong>Nousiainen.<\/strong><\/p>\n<p><strong>The entire Myn\u00e4m\u00e4ki circle is 17.7 km long.<\/strong> This is a well ridden area, where you can enjoy a well defined singletrack and fast rock trail sections. Although there is a lot of diverse forest trails in the area, area&#8217;s best feature are fast and technical enough rock trails. It is so much fun to ride a mountain bike here (especially in dry weather), that you will surely not be disappointed. These are the best rock trails I have ridden in Finland so far.<\/p>\n<p>The circle of Myn\u00e4m\u00e4ki <strong>is technically average<\/strong>. Its forest trails are mostly easy for mountain bikes, even for beginners. Many short climbs and descents add to the physical challenge of the route to some extent. However, you have to be careful on the rocks, as this section has more technical parts of the circle<strong>: small drops, steep climbs and descents, and some roots and rock-gardens<\/strong>. If you are a beginner and you definitely want to ride this route, then I recommend a special caution on the rocks. You&#8217;ll probably have to walk next to the bike in several places. For everyone else I can warmly recommend Myn\u00e4m\u00e4ki circle, it is definitely one of the best routes I have ridden in Finland.<\/p>\n<p>The downloadable GPS track includes both circles. Thus, if your goal is to ride only the Myn\u00e4m\u00e4ki circle, then turn left <strong>at 6.4 km mark<\/strong> (the normal direction of the GPS track is to the right towards Nousiainen). If you wish to ride more kilometers and some additional technical challenge, then Nousiainen circle is for you (follow the track to the right).<\/p>\n<p><strong>Nousiainen circle (21.3 km)<\/strong> is much less ridden and the trails at some points have grown over. However, you can easily navigate on the correct route using a GPS device. In many places the paths cross quite a lot, so I recommend placing a GPS device on the handlebar. During the Nousiainen circle you will ride on many magnificent rocks and on diverse forest trails. In addition to the longer distance, the extra challenge comes from many &#8220;soft&#8221; and partially overgrown trails. Although, there are only few really technically challenging sections, I still do not recommend this loop for the beginners. Again, if you are an experienced rider and want an <strong>extra technical and aerobic challenge <\/strong>in addition to the magnificent <strong>scenery,<\/strong> I strongly recommend riding a whole 39 km!<\/p>\n<p><strong>In general, the route was a nice surprise as I didn&#8217;t really expect anything this great.<\/strong> A strong recommendation to Myn\u00e4m\u00e4ki, if you will be able to ride in Turku area at some point!<\/p>\n<p>&nbsp;<\/p>\n<p><strong>Please note:<\/strong> The gps-file was updated on 16.06.2020. Thank you Juha Jokila for a great route!<\/div><\/div><\/div>[\/vc_column][\/vc_row][vc_row][vc_column][vc_empty_space][\/vc_column][\/vc_row][vc_row][vc_column]<a href=\"https:\/\/mtbreitti.fi\/tuote\/mynamaki-nousiainen-turku-gps-jalki\/\" class=\"hb-button hb-default hb-default-button no-three-d\" target=\"_blank\" style=\"-webkit-border-radius: 10px;-moz-border-radius: 10px;border-radius: 10px;\"><i class=\"hb-moon-folder-upload\"><\/i>Download GPS-file here<\/a>[vc_empty_space][vc_separator style=&#8221;dashed&#8221; border_width=&#8221;2&#8243;][vc_empty_space]<div class=\"shortcode-wrapper shortcode-title clearfix\"><h2 class=\"\">Compare hotel rates and book an affordable accommodation below:<\/h2><\/div>[vc_empty_space][vc_column_text]<ins class=\"bookingaff\" data-aid=\"2003181\" data-target_aid=\"2003181\" data-prod=\"map\" data-width=\"100%\" data-height=\"590\" data-lang=\"ualng\" data-dest_id=\"0\" data-dest_type=\"landmark\" data-latitude=\"60.6680923\" data-longitude=\"22.002577\" data-landmark_name=\"Urheilutie 6, Myn\u00e4m\u00e4ki\" data-mwhsb=\"0\" data-address=\"Urheilutie 6, Myn\u00e4m\u00e4ki, Finland\" data-zoom=\"9\">\r\n    <!-- Anything inside will go away once widget is loaded. -->\r\n        <a href=\"\/\/www.booking.com?aid=2003181\">Booking.com<\/a>\r\n<\/ins><script>\r\n\r\n    (function(d, sc, u) {\r\n      var s = d.createElement(sc), p = d.getElementsByTagName(sc)[0];\r\n      s.type = 'text\/javascript';\r\n      s.async = true;\r\n      s.src = u + '?v=' + (+new Date());\r\n      p.parentNode.insertBefore(s,p);\r\n      })(document, 'script', '\/\/aff.bstatic.com\/static\/affiliate_base\/js\/flexiproduct.js');\r\n<\/script>[\/vc_column_text][vc_empty_space]<div class='ct-weather  ct-weather--size-large ct-weather--box' style='color: #dd4814'><h3 class='ct-weather__title'>Myn\u00e4m\u00e4ki<\/h3>\n\t\t\t\t\t\t\t<div class='ct-curent-weather'>\n\t\t\t\t\t\t\t\t<span class='ct-curent-weather__degrees'>7&deg;<\/span>\n\t\t\t\t\t\t\t\t<span class='ct-curent-weather__details'>\n\t\t\t\t\t\t\t\t\t<span>Humidity:<em>36%<\/em><\/span>\n\t\t\t\t\t\t\t\t\t<span>Clouds:<em>62%<\/em><\/span>\n\t\t\t\t\t\t\t\t\t<span>Wind <small>(NNW)<\/small>:<em>25<small>kph<\/small><\/em><\/span>\n\t\t\t\t\t\t\t\t<\/span>\n\t\t\t\t\t\t\t\t<span class='ct-curent-weather__description'>hajanaisia pilvi\u00e4<\/span>\n\t\t\t\t\t\t\t<\/div>\n\t\t\t\t\t\t<span class=\"ct-weather__list-item\"><span class=\"ct-weather__day\">Tuesday, 28 April<\/span><span class=\"ct-weather__weather\"><span data-sw-icon=\"Y\"><\/span> 7&deg;C<\/span><\/span><span class=\"ct-weather__list-item\"><span class=\"ct-weather__day\">Wednesday, 29 April<\/span><span class=\"ct-weather__weather\"><span data-sw-icon=\"Y\"><\/span> 7&deg;C<\/span><\/span><span class=\"ct-weather__list-item\"><span class=\"ct-weather__day\">Thursday, 30 April<\/span><span class=\"ct-weather__weather\"><span data-sw-icon=\"Q\"><\/span> 15&deg;C<\/span><\/span><span class=\"ct-weather__list-item\"><span class=\"ct-weather__day\">Friday, 1 May<\/span><span class=\"ct-weather__weather\"><span data-sw-icon=\"Y\"><\/span> 13&deg;C<\/span><\/span><span class=\"ct-weather__list-item\"><span class=\"ct-weather__day\">Saturday, 2 May<\/span><span class=\"ct-weather__weather\"><span data-sw-icon=\"B\"><\/span> 13&deg;C<\/span><\/span><span class=\"ct-weather__list-item\"><span class=\"ct-weather__day\">Sunday, 3 May<\/span><span class=\"ct-weather__weather\"><span data-sw-icon=\"H\"><\/span> 8&deg;C<\/span><\/span><span class=\"ct-weather__list-item\"><span class=\"ct-weather__day\">Monday, 4 May<\/span><span class=\"ct-weather__weather\"><span data-sw-icon=\"B\"><\/span> 10&deg;C<\/span><\/span><\/div>[vc_empty_space][vc_separator style=&#8221;dashed&#8221; border_width=&#8221;2&#8243;][vc_empty_space]<div class=\"shortcode-wrapper shortcode-title clearfix\"><h2 class=\"\">What do you think about the route? Do you have any tips regarding the route?<\/h2><\/div>[\/vc_column][\/vc_row][vc_row][vc_column][vc_column_text][fbcomments][\/vc_column_text][vc_separator style=&#8221;dashed&#8221; border_width=&#8221;2&#8243;][\/vc_column][\/vc_row][vc_row][vc_column]<div class=\"shortcode-wrapper shortcode-title clearfix\"><h2 class=\"\">You might also be interested in below mountain biking routes:<\/h2><\/div>[\/vc_column][\/vc_row][vc_row][vc_column][vc_basic_grid post_type=&#8221;page&#8221; max_items=&#8221;10&#8243; style=&#8221;pagination&#8221; items_per_page=&#8221;3&#8243; arrows_design=&#8221;vc_arrow-icon-arrow_04_left&#8221; arrows_position=&#8221;outside&#8221; arrows_color=&#8221;black&#8221; paging_design=&#8221;round_fill_square_dots&#8221; paging_color=&#8221;black&#8221; item=&#8221;7278&#8243; grid_id=&#8221;vc_gid:1607431676931-7a2f7f01568316852b4bef7f4db65037-2&#8243; taxonomies=&#8221;225&#8243;][\/vc_column][\/vc_row]\n<\/div>","protected":false},"excerpt":{"rendered":"<p>[vc_row][vc_column][\/vc_column][\/vc_row][vc_row][vc_column][vc_empty_space][\/vc_column][\/vc_row][vc_row top_margin=&#8221;0&#8243; bottom_margin=&#8221;0&#8243; css=&#8221;.vc_custom_1453202042868{margin-top: -20px !important;}&#8221;][vc_column width=&#8221;1\/4&#8243;][\/vc_column][vc_column width=&#8221;1\/4&#8243;][\/vc_column][vc_column width=&#8221;1\/4&#8243;][\/vc_column][vc_column width=&#8221;1\/4&#8243;][\/vc_column][\/vc_row][vc_row][vc_column][vc_empty_space][vc_separator [&hellip;]<\/p>\n","protected":false},"author":6,"featured_media":33991,"parent":6742,"menu_order":0,"comment_status":"closed","ping_status":"closed","template":"","meta":{"footnotes":""},"categories":[225,231],"tags":[254,255,256,264,265,266,267],"class_list":["post-33987","page","type-page","status-publish","has-post-thumbnail","hentry","category-lansi-suomi","category-western-finland","tag-mountain-biking","tag-mountain-biking-route","tag-mtbreitti-en","tag-mynamaki-en","tag-nousiainen-en","tag-turku-en","tag-turku-mountain-biking"],"aioseo_notices":[],"_links":{"self":[{"href":"https:\/\/mtbreitti.fi\/en\/wp-json\/wp\/v2\/pages\/33987","targetHints":{"allow":["GET"]}}],"collection":[{"href":"https:\/\/mtbreitti.fi\/en\/wp-json\/wp\/v2\/pages"}],"about":[{"href":"https:\/\/mtbreitti.fi\/en\/wp-json\/wp\/v2\/types\/page"}],"author":[{"embeddable":true,"href":"https:\/\/mtbreitti.fi\/en\/wp-json\/wp\/v2\/users\/6"}],"replies":[{"embeddable":true,"href":"https:\/\/mtbreitti.fi\/en\/wp-json\/wp\/v2\/comments?post=33987"}],"version-history":[{"count":5,"href":"https:\/\/mtbreitti.fi\/en\/wp-json\/wp\/v2\/pages\/33987\/revisions"}],"predecessor-version":[{"id":35064,"href":"https:\/\/mtbreitti.fi\/en\/wp-json\/wp\/v2\/pages\/33987\/revisions\/35064"}],"up":[{"embeddable":true,"href":"https:\/\/mtbreitti.fi\/en\/wp-json\/wp\/v2\/pages\/6742"}],"wp:featuredmedia":[{"embeddable":true,"href":"https:\/\/mtbreitti.fi\/en\/wp-json\/wp\/v2\/media\/33991"}],"wp:attachment":[{"href":"https:\/\/mtbreitti.fi\/en\/wp-json\/wp\/v2\/media?parent=33987"}],"wp:term":[{"taxonomy":"category","embeddable":true,"href":"https:\/\/mtbreitti.fi\/en\/wp-json\/wp\/v2\/categories?post=33987"},{"taxonomy":"post_tag","embeddable":true,"href":"https:\/\/mtbreitti.fi\/en\/wp-json\/wp\/v2\/tags?post=33987"}],"curies":[{"name":"wp","href":"https:\/\/api.w.org\/{rel}","templated":true}]}}